{"id":10,"date":"2023-01-24T10:07:06","date_gmt":"2023-01-24T10:07:06","guid":{"rendered":"https:\/\/akupunktiopuu.fi\/?page_id=10"},"modified":"2024-09-29T13:00:42","modified_gmt":"2024-09-29T13:00:42","slug":"palaute","status":"publish","type":"page","link":"https:\/\/akupunktiopuu.fi\/index.php\/palaute\/","title":{"rendered":"Palautteita asiakkailtani"},"content":{"rendered":"\n<p>&#8221; K\u00e4vin 10 x sarjan Iida-Lealla kasvoakupunktiossa ja sain huikeita tuloksia. Kasvojen v\u00e4ri muuttui kuulaammaksi ja terveemm\u00e4ksi, kasvoista h\u00e4visi merkitt\u00e4v\u00e4 m\u00e4\u00e4r\u00e4 turvotusta ja otsan juonteet tasoittuivat sek\u00e4 nousivat ja Sibelius-rypyt h\u00e4lveniv\u00e4t sek\u00e4 raskaat luomet keveniv\u00e4t. Kuukautta my\u00f6hemmin tulokset ovat edelleen pysyneet ja olen my\u00f6s itse yll\u00e4pit\u00e4nyt tuloksia kuivakuppaamalla ja guashaamalla pari kertaa viikossa.<\/p>\n\n\n\n<p>Suosittelen ehdottomasti kaikille, jotka haluavat luonnonmukaista hoitoa ja kohotusta ik\u00e4\u00e4ntyville kasvoille <img loading=\"lazy\" decoding=\"async\" height=\"16\" width=\"16\" alt=\"\ud83d\ude0d\" src=\"https:\/\/static.xx.fbcdn.net\/images\/emoji.php\/v9\/ta1\/2\/16\/1f60d.png\"> Bonuksena sain aina ihanat rentouttavat kauneusunet hoidon aikana ja muitakin vaivoja hoidettua, kuten vaikka stressi\u00e4 ja my\u00f6h\u00e4ss\u00e4 olevat kuukautiset alkamaan. Iidu hoitaa kokonaisvaltaisesti ja lempe\u00e4sti koko kehoa! &#8221;<\/p>\n\n\n\n<p>-Nainen 45v<\/p>\n\n\n\n<p class=\"has-background-color has-text-color\">&#8221; Hain apua sektion j\u00e4lkeisiin, yhdynt\u00e4\u00e4n liittyviin alavatsakipuihin.&nbsp;<\/p>\n\n\n\n<p class=\"has-background-color has-text-color\">K\u00e4vin akupunktiossa yhteens\u00e4 kolme kertaa. Ensimm\u00e4isen hoitokerran j\u00e4lkeen en huomannut viel\u00e4 juurikaan eroa, mutta toisen kerran j\u00e4lkeen kivut lieveniv\u00e4t. Ja kolmannen hoitokerran j\u00e4lkeen kivut oli kokonaan poissa, eik\u00e4 ne ole palanneetkaan. <\/p>\n\n\n\n<p class=\"has-text-align-justify has-background-color has-text-color\">Hoidosta nyt aikaa yli puoli vuotta! &#8221;<\/p>\n\n\n\n<p class=\"has-background-color has-text-color\">&#8211; nimet\u00f6n palaute<\/p>\n\n\n\n<p><\/p>\n\n\n\n<p class=\"has-background-color has-text-color\">&#8221; Sain helpotusta akupunktiosta \u00e4rtyneen paksusuolen vaivoissa. <\/p>\n\n\n\n<p class=\"has-background-color has-text-color\">Suoliston kiputila helpottui ja yleinen olotila kohentui. Aiemmin sain apua, kun stressi aiheutti v\u00e4symyst\u00e4 ja vatsan ongelmia. Muutama hoitokerta auttoi. &#8221;<\/p>\n\n\n\n<p class=\"has-background-color has-text-color\">&#8211; Leena<\/p>\n\n\n\n<p>(Pssst.. Lue akupunktiosta suolistovaivojen hoidossa lis\u00e4\u00e4 <a href=\"https:\/\/akupunktiopuu.fi\/index.php\/2023\/03\/11\/akupunktio-suolistovaivojen-hoidossa\/\">t\u00e4\u00e4lt\u00e4<\/a>.)<\/p>\n\n\n\n<p class=\"has-background-color has-text-color\">&#8221; Iida-Lean luona on aina rauhallinen ja turvallinen tunnelma. H\u00e4n kuuntelee aidosti ja minulla on t\u00e4ysi luottamus h\u00e4nen ammattitaitoonsa. <\/p>\n\n\n\n<p class=\"has-background-color has-text-color\">Akupunktiohoidot ovat lempeit\u00e4 rauhoittumisen hetki\u00e4 itselle, jotka selke\u00e4sti ajallaan toimivat. Keho ottaa aikansa muutoksille ja olen oppinut luottamaan t\u00e4h\u00e4n prosessiin. Muutamalla k\u00e4yntikerralla olemme alkaneet l\u00f6yt\u00e4m\u00e4\u00e4n minulle toimivan hoitopolun. <\/p>\n\n\n\n<p class=\"has-background-color has-text-color\">L\u00e4mmin suositus. &#8221;<\/p>\n\n\n\n<p class=\"has-background-color has-text-color\">&#8211; Sanna<\/p>\n\n\n\n<p><\/p>\n\n\n\n<p class=\"has-background-color has-text-color\">&#8221; Iida, kohtaat ihanalla rauhalla ja l\u00e4mm\u00f6ll\u00e4. K\u00e4yt\u00e4t aikaa alkuun tilanteen selvitt\u00e4miseen ja siihen miten olen kokenut voivani.&nbsp;<\/p>\n\n\n\n<p class=\"has-background-color has-text-color\">Akupunktio tuntui hyv\u00e4lt\u00e4 ja osui juuri niihin oikeisiin kohtiin mihin pitikin.<br>Koko hoito tuntui kaiken kaikkiaan turvalliselta, kokonaisvaltaiselta ja hyvinvointiani tukevalta. <\/p>\n\n\n\n<p class=\"has-background-color has-text-color\">Kiitos. &#8221;<\/p>\n\n\n\n<p class=\"has-background-color has-text-color\">&#8211; Lotta Kauppinen<\/p>\n\n\n\n<p><\/p>\n\n\n\n<p class=\"has-background-color has-text-color\">&#8221; Akupunktio tuntui miellytt\u00e4v\u00e4lt\u00e4, rentoutti kehoa hyvin, ja paransi unenlaatua. Kuivakuppaus helpotti sitkeit\u00e4 hartiajumeja tehokkaasti.&nbsp;<\/p>\n\n\n\n<p class=\"has-background-color has-text-color\">Iida-Lean antama hoito on ammattitaitoista, kokonaisvaltaista, sek\u00e4 asiakkaan toiveet ja tarpeet huomioivaa. Suosittelen l\u00e4mpim\u00e4sti! \ud83d\ude42 &#8221;<\/p>\n\n\n\n<p class=\"has-background-color has-text-color\">&#8211; Anna<\/p>\n\n\n\n<p>(Pssst.. Lue akupunktiosta unettomuuden ja uniongelmien hoidossa lis\u00e4\u00e4 <a href=\"https:\/\/akupunktiopuu.fi\/index.php\/2023\/10\/13\/haluaisitko-nukkua-paremmin\/\">t\u00e4\u00e4lt\u00e4<\/a>.)<\/p>\n\n\n\n<p class=\"has-background-color has-text-color\">&#8221; Mielest\u00e4ni olet l\u00e4mmin herttainen, empaattinen, osaava akupunktio hoitaja. Kuuntelet tarkkaan tarkkaillessasi samalla vointiani. Huolellisesti eteenp\u00e4in menev\u00e4 hoidoissani ja tutkailet tarkasti akupisteit\u00e4 niin kirjasta kuin kropastani, tiehyeet ovat hallinnassa. <\/p>\n\n\n\n<p class=\"has-background-color has-text-color\">Terveisin neulakammon suht koht hyvin voittaneelta ja aina niin mielell\u00e4\u00e4n sinne tulevalta ihmiselt\u00e4. &#8221;<\/p>\n\n\n\n<p class=\"has-background-color has-text-color\">-Paula<\/p>\n\n\n\n<p><\/p>\n\n\n\n<p class=\"has-background-color has-text-color\">&#8221; Palvelu oli hyvin kokonaisvaltaista ja sain avun ongelmaani. Oli sellainen olo Iidusta persoonana, ett\u00e4 h\u00e4n on hyvin herkk\u00e4 vaistoamaan juuri minun kehoni viestej\u00e4 ja sai hyvin nopeasti kiinni tarvitsemastani avusta. Olo oli todella levollinen ja luottavainen koko hoidon ajan ja sen j\u00e4lkeenkin tuntui oikein hyv\u00e4lt\u00e4. <\/p>\n\n\n\n<p class=\"has-background-color has-text-color\">Hoidossa k\u00e4ynti auttoi minua p\u00e4\u00e4sem\u00e4\u00e4n tasapainoon ja kokemaan hyv\u00e4\u00e4, kokonaisvaltaisesti rauhallista oloa. Voin l\u00e4mpim\u00e4sti suositella! &#8221;<\/p>\n\n\n\n<p class=\"has-background-color has-text-color\">-Krista<\/p>\n\n\n\n<p>\u201dKaikki ongelmakohdat on kadonneet! Eli kulmakarvat on symmetriset, ei en\u00e4\u00e4 kireit\u00e4 purentalihaksia tai poskia! My\u00f6s kaulan ja dekolteen alue on rento, pehme\u00e4 ja virtaava. (En ollut edes kiinnitt\u00e4nyt huomiota n\u00e4iden kireyteen kun olin niin tottunut siihen.)<\/p>\n\n\n\n<p>Verenkierto on parantunut hoitoalueilla merkitt\u00e4v\u00e4sti, mik\u00e4 on lis\u00e4nnyt elinvoimaa ja ns \u201dnuorekkuutta\u201d, iho on sileentynyt ja varsinkin kaulan muhkurat ja kireydet on v\u00e4hentyneet ja koko kaula on pidentynyt parantuneen ryhdin seurauksena\u201d<\/p>\n\n\n\n<p>&#8211; Nainen (5 kerran kosmeettinen gua sha Yin Your Skin\u00ae)<\/p>\n","protected":false},"excerpt":{"rendered":"<p>&#8221; K\u00e4vin 10 x sarjan Iida-Lealla kasvoakupunktiossa ja sain huikeita tuloksia. Kasvojen v\u00e4ri muuttui kuulaammaksi ja terveemm\u00e4ksi, kasvoista h\u00e4visi merkitt\u00e4v\u00e4 m\u00e4\u00e4r\u00e4 turvotusta ja otsan juonteet tasoittuivat sek\u00e4 nousivat ja Sibelius-rypyt h\u00e4lveniv\u00e4t sek\u00e4 raskaat luomet keveniv\u00e4t. Kuukautta my\u00f6hemmin tulokset ovat edelleen pysyneet ja olen my\u00f6s itse yll\u00e4pit\u00e4nyt tuloksia kuivakuppaamalla ja guashaamalla pari kertaa viikossa. Suosittelen ehdottomasti &hellip; <\/p>\n<p class=\"link-more\"><a href=\"https:\/\/akupunktiopuu.fi\/index.php\/palaute\/\" class=\"more-link\">Jatka lukemista<span class=\"screen-reader-text\"> &#8221;Palautteita asiakkailtani&#8221;<\/span><\/a><\/p>\n","protected":false},"author":1,"featured_media":596,"parent":0,"menu_order":0,"comment_status":"closed","ping_status":"closed","template":"","meta":{"footnotes":""},"yoast_head":"<!-- This site is optimized with the Yoast SEO plugin v24.5 - https:\/\/yoast.com\/wordpress\/plugins\/seo\/ -->\n<title>Palautteita asiakkailtani - Akupunktio Puu<\/title>\n<meta name=\"description\" content=\"Akupunktio tuntui miellytt\u00e4v\u00e4lt\u00e4, rentoutti kehoa hyvin, ja paransi unenlaatua. Kuivakuppaus helpotti sitkeit\u00e4 hartiajumeja tehokkaasti\" \/>\n<meta name=\"robots\" content=\"index, follow, max-snippet:-1, max-image-preview:large, max-video-preview:-1\" \/>\n<link rel=\"canonical\" href=\"https:\/\/akupunktiopuu.fi\/index.php\/palaute\/\" \/>\n<meta property=\"og:locale\" content=\"fi_FI\" \/>\n<meta property=\"og:type\" content=\"article\" \/>\n<meta property=\"og:title\" content=\"Palautteita asiakkailtani - Akupunktio Puu\" \/>\n<meta property=\"og:description\" content=\"Akupunktio tuntui miellytt\u00e4v\u00e4lt\u00e4, rentoutti kehoa hyvin, ja paransi unenlaatua. Kuivakuppaus helpotti sitkeit\u00e4 hartiajumeja tehokkaasti\" \/>\n<meta property=\"og:url\" content=\"https:\/\/akupunktiopuu.fi\/index.php\/palaute\/\" \/>\n<meta property=\"og:site_name\" content=\"Akupunktio Puu\" \/>\n<meta property=\"article:publisher\" content=\"https:\/\/www.facebook.com\/akupunktiopuu\" \/>\n<meta property=\"article:modified_time\" content=\"2024-09-29T13:00:42+00:00\" \/>\n<meta property=\"og:image\" content=\"https:\/\/akupunktiopuu.fi\/wp-content\/uploads\/2024\/09\/painokelpoinen-7336-scaled-e1727614630605.jpg\" \/>\n\t<meta property=\"og:image:width\" content=\"1698\" \/>\n\t<meta property=\"og:image:height\" content=\"1582\" \/>\n\t<meta property=\"og:image:type\" content=\"image\/jpeg\" \/>\n<meta name=\"twitter:card\" content=\"summary_large_image\" \/>\n<meta name=\"twitter:label1\" content=\"Arvioitu lukuaika\" \/>\n\t<meta name=\"twitter:data1\" content=\"4 minuuttia\" \/>\n<script type=\"application\/ld+json\" class=\"yoast-schema-graph\">{\"@context\":\"https:\/\/schema.org\",\"@graph\":[{\"@type\":\"WebPage\",\"@id\":\"https:\/\/akupunktiopuu.fi\/index.php\/palaute\/\",\"url\":\"https:\/\/akupunktiopuu.fi\/index.php\/palaute\/\",\"name\":\"Palautteita asiakkailtani - Akupunktio Puu\",\"isPartOf\":{\"@id\":\"https:\/\/akupunktiopuu.fi\/#website\"},\"primaryImageOfPage\":{\"@id\":\"https:\/\/akupunktiopuu.fi\/index.php\/palaute\/#primaryimage\"},\"image\":{\"@id\":\"https:\/\/akupunktiopuu.fi\/index.php\/palaute\/#primaryimage\"},\"thumbnailUrl\":\"https:\/\/akupunktiopuu.fi\/wp-content\/uploads\/2024\/09\/painokelpoinen-7336-scaled-e1727614630605.jpg\",\"datePublished\":\"2023-01-24T10:07:06+00:00\",\"dateModified\":\"2024-09-29T13:00:42+00:00\",\"description\":\"Akupunktio tuntui miellytt\u00e4v\u00e4lt\u00e4, rentoutti kehoa hyvin, ja paransi unenlaatua. Kuivakuppaus helpotti sitkeit\u00e4 hartiajumeja tehokkaasti\",\"breadcrumb\":{\"@id\":\"https:\/\/akupunktiopuu.fi\/index.php\/palaute\/#breadcrumb\"},\"inLanguage\":\"fi\",\"potentialAction\":[{\"@type\":\"ReadAction\",\"target\":[\"https:\/\/akupunktiopuu.fi\/index.php\/palaute\/\"]}]},{\"@type\":\"ImageObject\",\"inLanguage\":\"fi\",\"@id\":\"https:\/\/akupunktiopuu.fi\/index.php\/palaute\/#primaryimage\",\"url\":\"https:\/\/akupunktiopuu.fi\/wp-content\/uploads\/2024\/09\/painokelpoinen-7336-scaled-e1727614630605.jpg\",\"contentUrl\":\"https:\/\/akupunktiopuu.fi\/wp-content\/uploads\/2024\/09\/painokelpoinen-7336-scaled-e1727614630605.jpg\",\"width\":1698,\"height\":1582,\"caption\":\"Hemmotteluhoito \u00e4idille\"},{\"@type\":\"BreadcrumbList\",\"@id\":\"https:\/\/akupunktiopuu.fi\/index.php\/palaute\/#breadcrumb\",\"itemListElement\":[{\"@type\":\"ListItem\",\"position\":1,\"name\":\"Etusivu\",\"item\":\"https:\/\/akupunktiopuu.fi\/\"},{\"@type\":\"ListItem\",\"position\":2,\"name\":\"Palautteita asiakkailtani\"}]},{\"@type\":\"WebSite\",\"@id\":\"https:\/\/akupunktiopuu.fi\/#website\",\"url\":\"https:\/\/akupunktiopuu.fi\/\",\"name\":\"Akupunktio Puu\",\"description\":\"Kiinalainen l&auml;&auml;ketiede - akupunktio ja kuivakuppaus \",\"publisher\":{\"@id\":\"https:\/\/akupunktiopuu.fi\/#organization\"},\"potentialAction\":[{\"@type\":\"SearchAction\",\"target\":{\"@type\":\"EntryPoint\",\"urlTemplate\":\"https:\/\/akupunktiopuu.fi\/?s={search_term_string}\"},\"query-input\":{\"@type\":\"PropertyValueSpecification\",\"valueRequired\":true,\"valueName\":\"search_term_string\"}}],\"inLanguage\":\"fi\"},{\"@type\":\"Organization\",\"@id\":\"https:\/\/akupunktiopuu.fi\/#organization\",\"name\":\"Akupunktio Puu\",\"url\":\"https:\/\/akupunktiopuu.fi\/\",\"logo\":{\"@type\":\"ImageObject\",\"inLanguage\":\"fi\",\"@id\":\"https:\/\/akupunktiopuu.fi\/#\/schema\/logo\/image\/\",\"url\":\"https:\/\/akupunktiopuu.fi\/wp-content\/uploads\/2023\/01\/cropped-AkupunkPuu_logo_final_green1_pikkukuva.jpg\",\"contentUrl\":\"https:\/\/akupunktiopuu.fi\/wp-content\/uploads\/2023\/01\/cropped-AkupunkPuu_logo_final_green1_pikkukuva.jpg\",\"width\":250,\"height\":250,\"caption\":\"Akupunktio Puu\"},\"image\":{\"@id\":\"https:\/\/akupunktiopuu.fi\/#\/schema\/logo\/image\/\"},\"sameAs\":[\"https:\/\/www.facebook.com\/akupunktiopuu\",\"https:\/\/www.instagram.com\/akupunktiopuu\/\"]}]}<\/script>\n<!-- \/ Yoast SEO plugin. -->","yoast_head_json":{"title":"Palautteita asiakkailtani - Akupunktio Puu","description":"Akupunktio tuntui miellytt\u00e4v\u00e4lt\u00e4, rentoutti kehoa hyvin, ja paransi unenlaatua. Kuivakuppaus helpotti sitkeit\u00e4 hartiajumeja tehokkaasti","robots":{"index":"index","follow":"follow","max-snippet":"max-snippet:-1","max-image-preview":"max-image-preview:large","max-video-preview":"max-video-preview:-1"},"canonical":"https:\/\/akupunktiopuu.fi\/index.php\/palaute\/","og_locale":"fi_FI","og_type":"article","og_title":"Palautteita asiakkailtani - Akupunktio Puu","og_description":"Akupunktio tuntui miellytt\u00e4v\u00e4lt\u00e4, rentoutti kehoa hyvin, ja paransi unenlaatua. Kuivakuppaus helpotti sitkeit\u00e4 hartiajumeja tehokkaasti","og_url":"https:\/\/akupunktiopuu.fi\/index.php\/palaute\/","og_site_name":"Akupunktio Puu","article_publisher":"https:\/\/www.facebook.com\/akupunktiopuu","article_modified_time":"2024-09-29T13:00:42+00:00","og_image":[{"width":1698,"height":1582,"url":"https:\/\/akupunktiopuu.fi\/wp-content\/uploads\/2024\/09\/painokelpoinen-7336-scaled-e1727614630605.jpg","type":"image\/jpeg"}],"twitter_card":"summary_large_image","twitter_misc":{"Arvioitu lukuaika":"4 minuuttia"},"schema":{"@context":"https:\/\/schema.org","@graph":[{"@type":"WebPage","@id":"https:\/\/akupunktiopuu.fi\/index.php\/palaute\/","url":"https:\/\/akupunktiopuu.fi\/index.php\/palaute\/","name":"Palautteita asiakkailtani - Akupunktio Puu","isPartOf":{"@id":"https:\/\/akupunktiopuu.fi\/#website"},"primaryImageOfPage":{"@id":"https:\/\/akupunktiopuu.fi\/index.php\/palaute\/#primaryimage"},"image":{"@id":"https:\/\/akupunktiopuu.fi\/index.php\/palaute\/#primaryimage"},"thumbnailUrl":"https:\/\/akupunktiopuu.fi\/wp-content\/uploads\/2024\/09\/painokelpoinen-7336-scaled-e1727614630605.jpg","datePublished":"2023-01-24T10:07:06+00:00","dateModified":"2024-09-29T13:00:42+00:00","description":"Akupunktio tuntui miellytt\u00e4v\u00e4lt\u00e4, rentoutti kehoa hyvin, ja paransi unenlaatua. Kuivakuppaus helpotti sitkeit\u00e4 hartiajumeja tehokkaasti","breadcrumb":{"@id":"https:\/\/akupunktiopuu.fi\/index.php\/palaute\/#breadcrumb"},"inLanguage":"fi","potentialAction":[{"@type":"ReadAction","target":["https:\/\/akupunktiopuu.fi\/index.php\/palaute\/"]}]},{"@type":"ImageObject","inLanguage":"fi","@id":"https:\/\/akupunktiopuu.fi\/index.php\/palaute\/#primaryimage","url":"https:\/\/akupunktiopuu.fi\/wp-content\/uploads\/2024\/09\/painokelpoinen-7336-scaled-e1727614630605.jpg","contentUrl":"https:\/\/akupunktiopuu.fi\/wp-content\/uploads\/2024\/09\/painokelpoinen-7336-scaled-e1727614630605.jpg","width":1698,"height":1582,"caption":"Hemmotteluhoito \u00e4idille"},{"@type":"BreadcrumbList","@id":"https:\/\/akupunktiopuu.fi\/index.php\/palaute\/#breadcrumb","itemListElement":[{"@type":"ListItem","position":1,"name":"Etusivu","item":"https:\/\/akupunktiopuu.fi\/"},{"@type":"ListItem","position":2,"name":"Palautteita asiakkailtani"}]},{"@type":"WebSite","@id":"https:\/\/akupunktiopuu.fi\/#website","url":"https:\/\/akupunktiopuu.fi\/","name":"Akupunktio Puu","description":"Kiinalainen l&auml;&auml;ketiede - akupunktio ja kuivakuppaus ","publisher":{"@id":"https:\/\/akupunktiopuu.fi\/#organization"},"potentialAction":[{"@type":"SearchAction","target":{"@type":"EntryPoint","urlTemplate":"https:\/\/akupunktiopuu.fi\/?s={search_term_string}"},"query-input":{"@type":"PropertyValueSpecification","valueRequired":true,"valueName":"search_term_string"}}],"inLanguage":"fi"},{"@type":"Organization","@id":"https:\/\/akupunktiopuu.fi\/#organization","name":"Akupunktio Puu","url":"https:\/\/akupunktiopuu.fi\/","logo":{"@type":"ImageObject","inLanguage":"fi","@id":"https:\/\/akupunktiopuu.fi\/#\/schema\/logo\/image\/","url":"https:\/\/akupunktiopuu.fi\/wp-content\/uploads\/2023\/01\/cropped-AkupunkPuu_logo_final_green1_pikkukuva.jpg","contentUrl":"https:\/\/akupunktiopuu.fi\/wp-content\/uploads\/2023\/01\/cropped-AkupunkPuu_logo_final_green1_pikkukuva.jpg","width":250,"height":250,"caption":"Akupunktio Puu"},"image":{"@id":"https:\/\/akupunktiopuu.fi\/#\/schema\/logo\/image\/"},"sameAs":["https:\/\/www.facebook.com\/akupunktiopuu","https:\/\/www.instagram.com\/akupunktiopuu\/"]}]}},"_links":{"self":[{"href":"https:\/\/akupunktiopuu.fi\/index.php\/wp-json\/wp\/v2\/pages\/10"}],"collection":[{"href":"https:\/\/akupunktiopuu.fi\/index.php\/wp-json\/wp\/v2\/pages"}],"about":[{"href":"https:\/\/akupunktiopuu.fi\/index.php\/wp-json\/wp\/v2\/types\/page"}],"author":[{"embeddable":true,"href":"https:\/\/akupunktiopuu.fi\/index.php\/wp-json\/wp\/v2\/users\/1"}],"replies":[{"embeddable":true,"href":"https:\/\/akupunktiopuu.fi\/index.php\/wp-json\/wp\/v2\/comments?post=10"}],"version-history":[{"count":8,"href":"https:\/\/akupunktiopuu.fi\/index.php\/wp-json\/wp\/v2\/pages\/10\/revisions"}],"predecessor-version":[{"id":600,"href":"https:\/\/akupunktiopuu.fi\/index.php\/wp-json\/wp\/v2\/pages\/10\/revisions\/600"}],"wp:featuredmedia":[{"embeddable":true,"href":"https:\/\/akupunktiopuu.fi\/index.php\/wp-json\/wp\/v2\/media\/596"}],"wp:attachment":[{"href":"https:\/\/akupunktiopuu.fi\/index.php\/wp-json\/wp\/v2\/media?parent=10"}],"curies":[{"name":"wp","href":"https:\/\/api.w.org\/{rel}","templated":true}]}}