{"id":2,"date":"2023-01-24T04:53:49","date_gmt":"2023-01-24T04:53:49","guid":{"rendered":"https:\/\/akupunktiopuu.fi\/?page_id=2"},"modified":"2025-11-05T12:57:19","modified_gmt":"2025-11-05T12:57:19","slug":"akupunktio","status":"publish","type":"page","link":"https:\/\/akupunktiopuu.fi\/index.php\/akupunktio\/","title":{"rendered":"Akupunktio"},"content":{"rendered":"\n<p>Akupunktiota k\u00e4ytet\u00e4\u00e4n mm. <a href=\"https:\/\/akupunktiopuu.fi\/index.php\/2023\/10\/13\/haluaisitko-nukkua-paremmin\/\">uniongelmien<\/a>, masennuksen, aloitekyvytt\u00f6myyden, uupumuksen, stressin, pelkojen, ahdistusten, erilaisten j\u00e4nnitys- ja kiputilojen, neurologisten ongelmien, <a href=\"https:\/\/akupunktiopuu.fi\/index.php\/2023\/03\/11\/akupunktio-suolistovaivojen-hoidossa\/\">ruuansulatusvaivojen<\/a>, turvotusten, allergioiden, astman, kuukautisvaivojen ja <a href=\"https:\/\/akupunktiopuu.fi\/index.php\/2024\/02\/22\/akupunktiosta-apua-vaihdevuosioireisiin\/\">vaihdevuosioireiden<\/a> hoitoon sek\u00e4 vahvistamaan kehon luontaista vastustuskyky\u00e4 ja elinvoimaa.<\/p>\n\n\n\n<p>Lihasjumien tehokkaaseen avaamiseen voisi hyvinkin olla apua my\u00f6s <a href=\"https:\/\/akupunktiopuu.fi\/index.php\/kuivakuppaus-2\/\">kuivakuppauksesta<\/a>.<\/p>\n\n\n\n<div class=\"wp-block-buttons is-layout-flex wp-block-buttons-is-layout-flex\">\n<div class=\"wp-block-button\"><a class=\"wp-block-button__link wp-element-button\" href=\"https:\/\/varaa.timma.fi\/akupunktiopuu\">Varaa aika<\/a><\/div>\n<\/div>\n\n\n\n<p><\/p>\n\n\n\n<p>Akupunktiopisteet valitaan haastattelun ja muiden diagnostisten menetelmien, kuten pulssin kuuntelun ja kielen katsomisen perusteella. Ei ole olemassa yht\u00e4, jokaiselle sopivaa tapaa hoitaa jotain tietty\u00e4 vaivaa, kuten esimerkiksi p\u00e4\u00e4ns\u00e4rky\u00e4. Ensin t\u00e4ytyy selvitt\u00e4\u00e4, mit\u00e4 juuri t\u00e4m\u00e4n ihmisen kehossa tapahtuu ja miksi juuri h\u00e4nen p\u00e4\u00e4t\u00e4ns\u00e4 s\u00e4rkee. Vasta sitten voi valita sopivimman hoidon.<\/p>\n\n\n\n<figure class=\"wp-block-gallery has-nested-images columns-default is-cropped wp-block-gallery-1 is-layout-flex wp-block-gallery-is-layout-flex\">\n<figure class=\"wp-block-image size-large\"><img loading=\"lazy\" decoding=\"async\" width=\"1024\" height=\"683\" data-id=\"115\" src=\"https:\/\/akupunktiopuu.fi\/wp-content\/uploads\/2023\/03\/IMG_6553-1024x683.jpg\" alt=\"\" class=\"wp-image-115\" srcset=\"https:\/\/akupunktiopuu.fi\/wp-content\/uploads\/2023\/03\/IMG_6553-1024x683.jpg 1024w, https:\/\/akupunktiopuu.fi\/wp-content\/uploads\/2023\/03\/IMG_6553-300x200.jpg 300w, https:\/\/akupunktiopuu.fi\/wp-content\/uploads\/2023\/03\/IMG_6553-768x512.jpg 768w, https:\/\/akupunktiopuu.fi\/wp-content\/uploads\/2023\/03\/IMG_6553-1536x1024.jpg 1536w, https:\/\/akupunktiopuu.fi\/wp-content\/uploads\/2023\/03\/IMG_6553.jpg 1600w\" sizes=\"(max-width: 767px) 89vw, (max-width: 1000px) 54vw, (max-width: 1071px) 543px, 580px\" \/><\/figure>\n<\/figure>\n\n\n\n<div class=\"wp-block-group\"><div class=\"wp-block-group__inner-container is-layout-constrained wp-block-group-is-layout-constrained\">\n<p>Akupunktiohoidon vaikutuksia voidaan havaita usein jo ensimm\u00e4isen kerran j\u00e4lkeen, mutta toisinaan selke\u00e4mmin havaittavia muutoksia ilmenee vasta muutaman kerran j\u00e4lkeen. Toisinaan vaiva helpottaa kokonaan jo yhdell\u00e4 kerralla ja toisinaan taas s\u00e4\u00e4nn\u00f6llist\u00e4 hoitoa on syyt\u00e4 jatkaa pidemp\u00e4\u00e4n, jokus viikkoja, joskus kuukausia tai joissakin tapauksissa viel\u00e4kin pidemp\u00e4\u00e4n, jotta vaikutukset olisivat pysyvi\u00e4. Voisi sanoa, ett\u00e4 jonkinlaista helpotusta vointiin voi odottaa 1-5 kerran sis\u00e4ll\u00e4 hoidon aloittamisesta. <\/p>\n\n\n\n<p>Usein on suositeltavaa ottaa muutamat ensimm\u00e4iset k\u00e4yntikerrat hieman tihe\u00e4mmin, esimerkiksi kolme kertaa viikon tai kahden v\u00e4lein ja katsoa sitten, milt\u00e4 tilanne vaikuttaa ja miten jatketaan. <\/p>\n\n\n\n<p>Akupunktion vaikutus on kumuloituva, mik\u00e4 tarkoittaa sit\u00e4, ett\u00e4 hoitovaikutus tehostuu aina seuraavilla k\u00e4ynneill\u00e4, mik\u00e4li edellisest\u00e4 hoidosta ei ole liian pitk\u00e4 aika. Siksi on usein kannattavampaa ottaa hoitoa sarjoina, kuin yksitt\u00e4isi\u00e4 hoitokertoja harvakseltaan. Toki t\u00e4m\u00e4kin on aina tapauskohtaista ja yll\u00e4pitohoidoksi sopii monessa tapauksessa k\u00e4ynnit esimerkiksi kuukauden v\u00e4lein tai tarvittaessa.<\/p>\n\n\n\n<p>Akupunktiossa k\u00e4yt\u00e4n ohuita kertak\u00e4ytt\u00f6neuloja. Tutkimusten mukaan akupunktio on todella turvallinen hoitomuoto, jos sen tekij\u00e4ll\u00e4 on asianmukainen koulutus ja ammattitaito. <\/p>\n\n\n\n<p>Tutkimustietoa akupunktion hy\u00f6dyist\u00e4 ja turvallisuudesta l\u00f6ytyy esimerkiksi t\u00e4\u00e4lt\u00e4:<\/p>\n\n\n\n<ul>\n<li>Suomeksi: <a rel=\"noreferrer noopener\" href=\"https:\/\/kiinalainenlaaketiede.fi\/kiinalainen-laaketiede-ja-akupunktio\/akupunktiotutkimusta\" target=\"_blank\">https:\/\/kiinalainenlaaketiede.fi\/kiinalainen-laaketiede-ja-akupunktio\/akupunktiotutkimusta<\/a>\/<\/li>\n\n\n\n<li><a href=\"https:\/\/www.evidencebasedacupuncture.org\/\" target=\"_blank\" rel=\"noreferrer noopener\">https:\/\/www.evidencebasedacupuncture.org\/<\/a><\/li>\n\n\n\n<li>My\u00f6s PubMed-tietokannasta l\u00f6ytyy paljon tutkimuksia <a href=\"https:\/\/pubmed.ncbi.nlm.nih.gov\/\" target=\"_blank\" rel=\"noreferrer noopener\">https:\/\/pubmed.ncbi.nlm.nih.gov\/<\/a><\/li>\n<\/ul>\n\n\n\n<h4 class=\"wp-block-heading\">Sattuuko akupunktio?<\/h4>\n\n\n\n<p>K\u00e4ytt\u00e4mieni akupunktioneulojen paksuus on 0,15-0,3mm &#8211; verrattuna injektioneulaan, jonka pakuus on n. 0,4-1,2mm. Se on siis paljon ohuempi, kuin neulat, joita k\u00e4ytet\u00e4\u00e4n rokotuksissa ja verikokeissa. <\/p>\n\n\n\n<p>Joskus neulan pistoa ei edes huomaa ja joskus se tuntuu hieman pist\u00e4v\u00e4lt\u00e4. Moni onkin verrannut pistotuntemusta hyttysenpistoon tai yll\u00e4ttynyt siit\u00e4, ettei se juuri tuntunutkaan. Neulan ymp\u00e4rist\u00f6ss\u00e4 voi hoidon aikana tuntua esim. painetta tai kihelm\u00f6inti\u00e4, toisinaan ei juuri mit\u00e4\u00e4n.  <\/p>\n\n\n\n<p>Olen hoitanut my\u00f6s neulakammoisia. He usein j\u00e4nnitt\u00e4v\u00e4t ekalla kerralla eniten ja rauhoittuvat, kun siit\u00e4 tulee tutumpaa. Jos sinua j\u00e4nnitt\u00e4\u00e4 tai pelottaa, voit kertoa siit\u00e4 minulle ja voin k\u00e4ytt\u00e4\u00e4 ekoilla kerroilla halutessasi ainoastaan kaikkein pienimpi\u00e4 ja ohuimpia neuloja. Voidaan my\u00f6s sopia, ett\u00e4 sanon aina, kun pist\u00e4n seuraavan neulan. Sinulla on koska tahansa mahdollisuus pyyt\u00e4\u00e4 minua keskeytt\u00e4m\u00e4\u00e4n tai ottamaan neulat pois. <\/p>\n\n\n\n<p>Hoito tehd\u00e4\u00e4n aina asiakasta kuunnellen. \ud83d\udc9a<\/p>\n<\/div><\/div>\n\n\n\n<figure class=\"wp-block-image size-large is-resized\"><img loading=\"lazy\" decoding=\"async\" width=\"822\" height=\"1024\" src=\"https:\/\/akupunktiopuu.fi\/wp-content\/uploads\/2024\/09\/nettikoko-7222-e1727613310331-822x1024.jpg\" alt=\"\" class=\"wp-image-584\" style=\"width:683px\" srcset=\"https:\/\/akupunktiopuu.fi\/wp-content\/uploads\/2024\/09\/nettikoko-7222-e1727613310331-822x1024.jpg 822w, https:\/\/akupunktiopuu.fi\/wp-content\/uploads\/2024\/09\/nettikoko-7222-e1727613310331-241x300.jpg 241w, https:\/\/akupunktiopuu.fi\/wp-content\/uploads\/2024\/09\/nettikoko-7222-e1727613310331-768x956.jpg 768w, https:\/\/akupunktiopuu.fi\/wp-content\/uploads\/2024\/09\/nettikoko-7222-e1727613310331.jpg 1000w\" sizes=\"(max-width: 767px) 89vw, (max-width: 1000px) 54vw, (max-width: 1071px) 543px, 580px\" \/><\/figure>\n","protected":false},"excerpt":{"rendered":"<p>Akupunktiota k\u00e4ytet\u00e4\u00e4n mm. uniongelmien, masennuksen, aloitekyvytt\u00f6myyden, uupumuksen, stressin, pelkojen, ahdistusten, erilaisten j\u00e4nnitys- ja kiputilojen, neurologisten ongelmien, ruuansulatusvaivojen, turvotusten, allergioiden, astman, kuukautisvaivojen ja vaihdevuosioireiden hoitoon sek\u00e4 vahvistamaan kehon luontaista vastustuskyky\u00e4 ja elinvoimaa. Lihasjumien tehokkaaseen avaamiseen voisi hyvinkin olla apua my\u00f6s kuivakuppauksesta. Akupunktiopisteet valitaan haastattelun ja muiden diagnostisten menetelmien, kuten pulssin kuuntelun ja kielen katsomisen perusteella. Ei &hellip; <\/p>\n<p class=\"link-more\"><a href=\"https:\/\/akupunktiopuu.fi\/index.php\/akupunktio\/\" class=\"more-link\">Jatka lukemista<span class=\"screen-reader-text\"> &#8221;Akupunktio&#8221;<\/span><\/a><\/p>\n","protected":false},"author":1,"featured_media":601,"parent":0,"menu_order":0,"comment_status":"closed","ping_status":"open","template":"","meta":{"footnotes":""},"yoast_head":"<!-- This site is optimized with the Yoast SEO plugin v24.5 - https:\/\/yoast.com\/wordpress\/plugins\/seo\/ -->\n<title>Akupunktio - Akupunktio Puu<\/title>\n<meta name=\"description\" content=\"Kirkkonummen keskustassa - Avuksi mm. unettomuuteen, vaihdevuosioireisiin, kipuihin, suolistovaivoihin, stressiin ja mielialaongelmiin.\" \/>\n<meta name=\"robots\" content=\"index, follow, max-snippet:-1, max-image-preview:large, max-video-preview:-1\" \/>\n<link rel=\"canonical\" href=\"https:\/\/akupunktiopuu.fi\/index.php\/akupunktio\/\" \/>\n<meta property=\"og:locale\" content=\"fi_FI\" \/>\n<meta property=\"og:type\" content=\"article\" \/>\n<meta property=\"og:title\" content=\"Akupunktio - Akupunktio Puu\" \/>\n<meta property=\"og:description\" content=\"Kirkkonummen keskustassa - Avuksi mm. unettomuuteen, vaihdevuosioireisiin, kipuihin, suolistovaivoihin, stressiin ja mielialaongelmiin.\" \/>\n<meta property=\"og:url\" content=\"https:\/\/akupunktiopuu.fi\/index.php\/akupunktio\/\" \/>\n<meta property=\"og:site_name\" content=\"Akupunktio Puu\" \/>\n<meta property=\"article:publisher\" content=\"https:\/\/www.facebook.com\/akupunktiopuu\" \/>\n<meta property=\"article:modified_time\" content=\"2025-11-05T12:57:19+00:00\" \/>\n<meta property=\"og:image\" content=\"https:\/\/akupunktiopuu.fi\/wp-content\/uploads\/2024\/09\/painokelpoinen-7411-scaled-e1727615041298.jpg\" \/>\n\t<meta property=\"og:image:width\" content=\"1706\" \/>\n\t<meta property=\"og:image:height\" content=\"1122\" \/>\n\t<meta property=\"og:image:type\" content=\"image\/jpeg\" \/>\n<meta name=\"twitter:card\" content=\"summary_large_image\" \/>\n<meta name=\"twitter:label1\" content=\"Arvioitu lukuaika\" \/>\n\t<meta name=\"twitter:data1\" content=\"4 minuuttia\" \/>\n<script type=\"application\/ld+json\" class=\"yoast-schema-graph\">{\"@context\":\"https:\/\/schema.org\",\"@graph\":[{\"@type\":\"WebPage\",\"@id\":\"https:\/\/akupunktiopuu.fi\/index.php\/akupunktio\/\",\"url\":\"https:\/\/akupunktiopuu.fi\/index.php\/akupunktio\/\",\"name\":\"Akupunktio - Akupunktio Puu\",\"isPartOf\":{\"@id\":\"https:\/\/akupunktiopuu.fi\/#website\"},\"primaryImageOfPage\":{\"@id\":\"https:\/\/akupunktiopuu.fi\/index.php\/akupunktio\/#primaryimage\"},\"image\":{\"@id\":\"https:\/\/akupunktiopuu.fi\/index.php\/akupunktio\/#primaryimage\"},\"thumbnailUrl\":\"https:\/\/akupunktiopuu.fi\/wp-content\/uploads\/2024\/09\/painokelpoinen-7411-scaled-e1727615041298.jpg\",\"datePublished\":\"2023-01-24T04:53:49+00:00\",\"dateModified\":\"2025-11-05T12:57:19+00:00\",\"description\":\"Kirkkonummen keskustassa - Avuksi mm. unettomuuteen, vaihdevuosioireisiin, kipuihin, suolistovaivoihin, stressiin ja mielialaongelmiin.\",\"breadcrumb\":{\"@id\":\"https:\/\/akupunktiopuu.fi\/index.php\/akupunktio\/#breadcrumb\"},\"inLanguage\":\"fi\",\"potentialAction\":[{\"@type\":\"ReadAction\",\"target\":[\"https:\/\/akupunktiopuu.fi\/index.php\/akupunktio\/\"]}]},{\"@type\":\"ImageObject\",\"inLanguage\":\"fi\",\"@id\":\"https:\/\/akupunktiopuu.fi\/index.php\/akupunktio\/#primaryimage\",\"url\":\"https:\/\/akupunktiopuu.fi\/wp-content\/uploads\/2024\/09\/painokelpoinen-7411-scaled-e1727615041298.jpg\",\"contentUrl\":\"https:\/\/akupunktiopuu.fi\/wp-content\/uploads\/2024\/09\/painokelpoinen-7411-scaled-e1727615041298.jpg\",\"width\":1706,\"height\":1122},{\"@type\":\"BreadcrumbList\",\"@id\":\"https:\/\/akupunktiopuu.fi\/index.php\/akupunktio\/#breadcrumb\",\"itemListElement\":[{\"@type\":\"ListItem\",\"position\":1,\"name\":\"Etusivu\",\"item\":\"https:\/\/akupunktiopuu.fi\/\"},{\"@type\":\"ListItem\",\"position\":2,\"name\":\"Akupunktio\"}]},{\"@type\":\"WebSite\",\"@id\":\"https:\/\/akupunktiopuu.fi\/#website\",\"url\":\"https:\/\/akupunktiopuu.fi\/\",\"name\":\"Akupunktio Puu\",\"description\":\"Kiinalainen l&auml;&auml;ketiede - akupunktio ja kuivakuppaus \",\"publisher\":{\"@id\":\"https:\/\/akupunktiopuu.fi\/#organization\"},\"potentialAction\":[{\"@type\":\"SearchAction\",\"target\":{\"@type\":\"EntryPoint\",\"urlTemplate\":\"https:\/\/akupunktiopuu.fi\/?s={search_term_string}\"},\"query-input\":{\"@type\":\"PropertyValueSpecification\",\"valueRequired\":true,\"valueName\":\"search_term_string\"}}],\"inLanguage\":\"fi\"},{\"@type\":\"Organization\",\"@id\":\"https:\/\/akupunktiopuu.fi\/#organization\",\"name\":\"Akupunktio Puu\",\"url\":\"https:\/\/akupunktiopuu.fi\/\",\"logo\":{\"@type\":\"ImageObject\",\"inLanguage\":\"fi\",\"@id\":\"https:\/\/akupunktiopuu.fi\/#\/schema\/logo\/image\/\",\"url\":\"https:\/\/akupunktiopuu.fi\/wp-content\/uploads\/2023\/01\/cropped-AkupunkPuu_logo_final_green1_pikkukuva.jpg\",\"contentUrl\":\"https:\/\/akupunktiopuu.fi\/wp-content\/uploads\/2023\/01\/cropped-AkupunkPuu_logo_final_green1_pikkukuva.jpg\",\"width\":250,\"height\":250,\"caption\":\"Akupunktio Puu\"},\"image\":{\"@id\":\"https:\/\/akupunktiopuu.fi\/#\/schema\/logo\/image\/\"},\"sameAs\":[\"https:\/\/www.facebook.com\/akupunktiopuu\",\"https:\/\/www.instagram.com\/akupunktiopuu\/\"]}]}<\/script>\n<!-- \/ Yoast SEO plugin. -->","yoast_head_json":{"title":"Akupunktio - Akupunktio Puu","description":"Kirkkonummen keskustassa - Avuksi mm. unettomuuteen, vaihdevuosioireisiin, kipuihin, suolistovaivoihin, stressiin ja mielialaongelmiin.","robots":{"index":"index","follow":"follow","max-snippet":"max-snippet:-1","max-image-preview":"max-image-preview:large","max-video-preview":"max-video-preview:-1"},"canonical":"https:\/\/akupunktiopuu.fi\/index.php\/akupunktio\/","og_locale":"fi_FI","og_type":"article","og_title":"Akupunktio - Akupunktio Puu","og_description":"Kirkkonummen keskustassa - Avuksi mm. unettomuuteen, vaihdevuosioireisiin, kipuihin, suolistovaivoihin, stressiin ja mielialaongelmiin.","og_url":"https:\/\/akupunktiopuu.fi\/index.php\/akupunktio\/","og_site_name":"Akupunktio Puu","article_publisher":"https:\/\/www.facebook.com\/akupunktiopuu","article_modified_time":"2025-11-05T12:57:19+00:00","og_image":[{"width":1706,"height":1122,"url":"https:\/\/akupunktiopuu.fi\/wp-content\/uploads\/2024\/09\/painokelpoinen-7411-scaled-e1727615041298.jpg","type":"image\/jpeg"}],"twitter_card":"summary_large_image","twitter_misc":{"Arvioitu lukuaika":"4 minuuttia"},"schema":{"@context":"https:\/\/schema.org","@graph":[{"@type":"WebPage","@id":"https:\/\/akupunktiopuu.fi\/index.php\/akupunktio\/","url":"https:\/\/akupunktiopuu.fi\/index.php\/akupunktio\/","name":"Akupunktio - Akupunktio Puu","isPartOf":{"@id":"https:\/\/akupunktiopuu.fi\/#website"},"primaryImageOfPage":{"@id":"https:\/\/akupunktiopuu.fi\/index.php\/akupunktio\/#primaryimage"},"image":{"@id":"https:\/\/akupunktiopuu.fi\/index.php\/akupunktio\/#primaryimage"},"thumbnailUrl":"https:\/\/akupunktiopuu.fi\/wp-content\/uploads\/2024\/09\/painokelpoinen-7411-scaled-e1727615041298.jpg","datePublished":"2023-01-24T04:53:49+00:00","dateModified":"2025-11-05T12:57:19+00:00","description":"Kirkkonummen keskustassa - Avuksi mm. unettomuuteen, vaihdevuosioireisiin, kipuihin, suolistovaivoihin, stressiin ja mielialaongelmiin.","breadcrumb":{"@id":"https:\/\/akupunktiopuu.fi\/index.php\/akupunktio\/#breadcrumb"},"inLanguage":"fi","potentialAction":[{"@type":"ReadAction","target":["https:\/\/akupunktiopuu.fi\/index.php\/akupunktio\/"]}]},{"@type":"ImageObject","inLanguage":"fi","@id":"https:\/\/akupunktiopuu.fi\/index.php\/akupunktio\/#primaryimage","url":"https:\/\/akupunktiopuu.fi\/wp-content\/uploads\/2024\/09\/painokelpoinen-7411-scaled-e1727615041298.jpg","contentUrl":"https:\/\/akupunktiopuu.fi\/wp-content\/uploads\/2024\/09\/painokelpoinen-7411-scaled-e1727615041298.jpg","width":1706,"height":1122},{"@type":"BreadcrumbList","@id":"https:\/\/akupunktiopuu.fi\/index.php\/akupunktio\/#breadcrumb","itemListElement":[{"@type":"ListItem","position":1,"name":"Etusivu","item":"https:\/\/akupunktiopuu.fi\/"},{"@type":"ListItem","position":2,"name":"Akupunktio"}]},{"@type":"WebSite","@id":"https:\/\/akupunktiopuu.fi\/#website","url":"https:\/\/akupunktiopuu.fi\/","name":"Akupunktio Puu","description":"Kiinalainen l&auml;&auml;ketiede - akupunktio ja kuivakuppaus ","publisher":{"@id":"https:\/\/akupunktiopuu.fi\/#organization"},"potentialAction":[{"@type":"SearchAction","target":{"@type":"EntryPoint","urlTemplate":"https:\/\/akupunktiopuu.fi\/?s={search_term_string}"},"query-input":{"@type":"PropertyValueSpecification","valueRequired":true,"valueName":"search_term_string"}}],"inLanguage":"fi"},{"@type":"Organization","@id":"https:\/\/akupunktiopuu.fi\/#organization","name":"Akupunktio Puu","url":"https:\/\/akupunktiopuu.fi\/","logo":{"@type":"ImageObject","inLanguage":"fi","@id":"https:\/\/akupunktiopuu.fi\/#\/schema\/logo\/image\/","url":"https:\/\/akupunktiopuu.fi\/wp-content\/uploads\/2023\/01\/cropped-AkupunkPuu_logo_final_green1_pikkukuva.jpg","contentUrl":"https:\/\/akupunktiopuu.fi\/wp-content\/uploads\/2023\/01\/cropped-AkupunkPuu_logo_final_green1_pikkukuva.jpg","width":250,"height":250,"caption":"Akupunktio Puu"},"image":{"@id":"https:\/\/akupunktiopuu.fi\/#\/schema\/logo\/image\/"},"sameAs":["https:\/\/www.facebook.com\/akupunktiopuu","https:\/\/www.instagram.com\/akupunktiopuu\/"]}]}},"_links":{"self":[{"href":"https:\/\/akupunktiopuu.fi\/index.php\/wp-json\/wp\/v2\/pages\/2"}],"collection":[{"href":"https:\/\/akupunktiopuu.fi\/index.php\/wp-json\/wp\/v2\/pages"}],"about":[{"href":"https:\/\/akupunktiopuu.fi\/index.php\/wp-json\/wp\/v2\/types\/page"}],"author":[{"embeddable":true,"href":"https:\/\/akupunktiopuu.fi\/index.php\/wp-json\/wp\/v2\/users\/1"}],"replies":[{"embeddable":true,"href":"https:\/\/akupunktiopuu.fi\/index.php\/wp-json\/wp\/v2\/comments?post=2"}],"version-history":[{"count":22,"href":"https:\/\/akupunktiopuu.fi\/index.php\/wp-json\/wp\/v2\/pages\/2\/revisions"}],"predecessor-version":[{"id":866,"href":"https:\/\/akupunktiopuu.fi\/index.php\/wp-json\/wp\/v2\/pages\/2\/revisions\/866"}],"wp:featuredmedia":[{"embeddable":true,"href":"https:\/\/akupunktiopuu.fi\/index.php\/wp-json\/wp\/v2\/media\/601"}],"wp:attachment":[{"href":"https:\/\/akupunktiopuu.fi\/index.php\/wp-json\/wp\/v2\/media?parent=2"}],"curies":[{"name":"wp","href":"https:\/\/api.w.org\/{rel}","templated":true}]}}