{"id":213,"date":"2023-03-17T07:17:38","date_gmt":"2023-03-17T07:17:38","guid":{"rendered":"https:\/\/akupunktiopuu.fi\/?page_id=213"},"modified":"2026-01-14T12:25:06","modified_gmt":"2026-01-14T12:25:06","slug":"tervetuloa-akupunktioon","status":"publish","type":"page","link":"https:\/\/akupunktiopuu.fi\/","title":{"rendered":"Akupunktiota Kirkkonummella &#8211; tervetuloa!"},"content":{"rendered":"<div class=\"wp-block-image\">\n<figure class=\"alignright size-large is-resized\"><img loading=\"lazy\" decoding=\"async\" width=\"1024\" height=\"1024\" src=\"https:\/\/akupunktiopuu.fi\/wp-content\/uploads\/2024\/08\/375748962_767580092040384_9129419723920588638_n-1024x1024.jpg\" alt=\"\" class=\"wp-image-522\" style=\"width:411px;height:auto\" srcset=\"https:\/\/akupunktiopuu.fi\/wp-content\/uploads\/2024\/08\/375748962_767580092040384_9129419723920588638_n-1024x1024.jpg 1024w, https:\/\/akupunktiopuu.fi\/wp-content\/uploads\/2024\/08\/375748962_767580092040384_9129419723920588638_n-300x300.jpg 300w, https:\/\/akupunktiopuu.fi\/wp-content\/uploads\/2024\/08\/375748962_767580092040384_9129419723920588638_n-150x150.jpg 150w, https:\/\/akupunktiopuu.fi\/wp-content\/uploads\/2024\/08\/375748962_767580092040384_9129419723920588638_n-768x768.jpg 768w, https:\/\/akupunktiopuu.fi\/wp-content\/uploads\/2024\/08\/375748962_767580092040384_9129419723920588638_n-100x100.jpg 100w, https:\/\/akupunktiopuu.fi\/wp-content\/uploads\/2024\/08\/375748962_767580092040384_9129419723920588638_n.jpg 1080w\" sizes=\"(max-width: 767px) 89vw, (max-width: 1000px) 54vw, (max-width: 1071px) 543px, 580px\" \/><\/figure><\/div>\n\n\n<p>Olen Iida-Lea Kainulainen, <a href=\"https:\/\/kiinalainenlaaketiede.fi\/kiinalainen-laaketiede-ja-akupunktio\/\">kiinalaisen l\u00e4\u00e4ketieteen<\/a> ammattilainen ja akupunktiohoitaja. Vastaanottoni sijaitsee <a href=\"https:\/\/www.google.com\/maps\/place\/Akupunktio+Puu\/@60.12741,24.4359138,15z\/data=!4m6!3m5!1s0x468ded64e54ba509:0x2c283a5a583c89e8!8m2!3d60.12741!4d24.4359138!16s%2Fg%2F11j91z4c84?entry=ttu\">Kirkkonummen keskustassa<\/a>.<\/p>\n\n\n\n<p><\/p>\n\n\n\n<p>Hoidan <a href=\"https:\/\/akupunktiopuu.fi\/index.php\/akupunktio\/\">akupunktio<\/a>lla mm. erilaisia kipu- ja j\u00e4nnitystiloja, tunneongelmia, kuten ahdistusta ja pelkoja, <a href=\"https:\/\/akupunktiopuu.fi\/index.php\/2023\/10\/13\/haluaisitko-nukkua-paremmin\/\">univaikeuksia<\/a>, <a href=\"https:\/\/akupunktiopuu.fi\/index.php\/2023\/03\/11\/akupunktio-suolistovaivojen-hoidossa\/\">ruuansulatusvaivoja<\/a>, allergioita, hormonaalisia ja neurologisia ongelmia, <a href=\"https:\/\/akupunktiopuu.fi\/index.php\/2024\/02\/22\/akupunktiosta-apua-vaihdevuosioireisiin\/\">vaihdevuosien tuomia vaivoja<\/a> sek\u00e4 monia muita el\u00e4m\u00e4n mukanaan tuomia haasteita.<\/p>\n\n\n\n<p>Kosmeettiset hoidot, <a href=\"https:\/\/akupunktiopuu.fi\/index.php\/kosmeettinen-akupunktio\/\">kosmeettinen akupunktio<\/a>, <a href=\"https:\/\/akupunktiopuu.fi\/index.php\/kosmeettinen-gua-sha-yin-your-skin\/\">kosmeettinen gua sha &#8211; Yin Your Skin<\/a>\u00ae ja kasvojen <a href=\"https:\/\/akupunktiopuu.fi\/index.php\/mikroneulaus\/\">mikroneulaus<\/a> ovat tehokas apu mm. ik\u00e4\u00e4ntymisen muutoksiin, turvotuksiin, juonteisiin, akneen, &#8221;avaamaan&#8221; silmi\u00e4 ja tuomaan kasvoille kuulautta ja uutta elinvoimaa.  Lue lis\u00e4\u00e4 ja valitse tilanteeseesi sopivin hoito!<\/p>\n\n\n\n<p><a href=\"https:\/\/akupunktiopuu.fi\/index.php\/kuivakuppaus-2\/\">Kuivakuppaus<\/a> avaa tehokkaasti mm. lihasjumeja ja lihaskalvoja kupeissa olevan alipaineen avulla. Kuivakuppauksessa ei vuodateta verta. Esimerkiksi niska-hartiaseudun lihasjumeihin riitt\u00e4\u00e4 yleens\u00e4 1-3 hoitokertaa.<\/p>\n\n\n\n<p>L\u00f6yd\u00e4t minut my\u00f6s Suomen perinteisen kiinalaisen l\u00e4\u00e4ketieteen yhdistys ry \u2013 FinnAcun <a href=\"https:\/\/finnacu.fi\/terapeuttirekisteri\/\">terapeuttirekisterist\u00e4<\/a>. Jokaisen Finnacun j\u00e4senen tulee olla k\u00e4ynyt <a href=\"https:\/\/finnacu.fi\/yhdistyksesta\/jasenyys\/jasenkriteerit\/\">ETCMA<\/a>:n, eli euroopan kattoj\u00e4rjest\u00f6n vaatimukset t\u00e4ytt\u00e4v\u00e4 akupunktiokoulutus sek\u00e4 riitt\u00e4v\u00e4 m\u00e4\u00e4r\u00e4 l\u00e4nsimaisen l\u00e4\u00e4ketieteen opintoja ja kliinist\u00e4 harjoittelua. Lis\u00e4ksi toimin <a href=\"https:\/\/finnacu.fi\/\">FinnAcun<\/a> sihteerin\u00e4. Olen koulutukseltani my\u00f6s <a href=\"https:\/\/www.metropolia.fi\/fi\/opiskelu-metropoliassa\/amk-tutkinnot\/jalkaterapia\">jalkaterapeutti (AMK)<\/a> ja l\u00f6yd\u00e4t minut <a href=\"https:\/\/julkiterhikki.valvira.fi\/\">JulkiTerhikist\u00e4<\/a>.<\/p>\n\n\n\n<p class=\"has-text-align-left\">Hoitojen hinnat alkaen 55e.<\/p>\n\n\n\n<div class=\"wp-block-buttons is-horizontal is-content-justification-center is-layout-flex wp-container-core-buttons-is-layout-1 wp-block-buttons-is-layout-flex\">\n<div class=\"wp-block-button\"><a class=\"wp-block-button__link wp-element-button\" href=\"https:\/\/varaa.timma.fi\/akupunktiopuu\" target=\"_blank\" rel=\"noreferrer noopener\">Varaa aika!<\/a><\/div>\n\n\n\n<div class=\"wp-block-button\"><a class=\"wp-block-button__link wp-element-button\" href=\"https:\/\/holvi.com\/shop\/DDrWZ1\/\">Lahjakortit<\/a><\/div>\n<\/div>\n\n\n\n<p><\/p>\n\n\n\n<p id=\"block-f47b1a27-a15c-4eeb-a818-87960cae1a6f\">Jos kaipaat lis\u00e4tietoa tai haluat tiet\u00e4\u00e4, voisinko auttaa juuri sinua, ota rohkeasti yhteytt\u00e4! Voit l\u00e4hesty\u00e4 minua s\u00e4hk\u00f6postilla, tekstiviestill\u00e4 tai Whats Appilla ja vastaan my\u00f6s puheluihin mahdollisuuksien mukaan. Jos en pysty vastaamaan, l\u00e4het\u00e4 minulle viesti, niin soitan sinulle takaisin, kun vapaudun. <\/p>\n\n\n\n<p id=\"block-4a78b11a-4c42-4e0d-8634-91078fc3e182\">Yhteystiedot l\u00f6yd\u00e4t sivun alalaidasta.<\/p>\n\n\n\n<p>Olet l\u00e4mpim\u00e4sti tervetullut vastaanotolleni! \ud83d\udc9a<\/p>\n\n\n\n<p><\/p>\n","protected":false},"excerpt":{"rendered":"<p>Olen Iida-Lea Kainulainen, kiinalaisen l\u00e4\u00e4ketieteen ammattilainen ja akupunktiohoitaja. Vastaanottoni sijaitsee Kirkkonummen keskustassa. Hoidan akupunktiolla mm. erilaisia kipu- ja j\u00e4nnitystiloja, tunneongelmia, kuten ahdistusta ja pelkoja, univaikeuksia, ruuansulatusvaivoja, allergioita, hormonaalisia ja neurologisia ongelmia, vaihdevuosien tuomia vaivoja sek\u00e4 monia muita el\u00e4m\u00e4n mukanaan tuomia haasteita. Kosmeettiset hoidot, kosmeettinen akupunktio, kosmeettinen gua sha &#8211; Yin Your Skin\u00ae ja kasvojen mikroneulaus &hellip; <\/p>\n<p class=\"link-more\"><a href=\"https:\/\/akupunktiopuu.fi\/\" class=\"more-link\">Jatka lukemista<span class=\"screen-reader-text\"> &#8221;Akupunktiota Kirkkonummella &#8211; tervetuloa!&#8221;<\/span><\/a><\/p>\n","protected":false},"author":1,"featured_media":0,"parent":0,"menu_order":0,"comment_status":"closed","ping_status":"closed","template":"","meta":{"footnotes":""},"yoast_head":"<!-- This site is optimized with the Yoast SEO plugin v24.5 - https:\/\/yoast.com\/wordpress\/plugins\/seo\/ -->\n<title>Akupunktiota Kirkkonummella - tervetuloa! - Akupunktio Puu<\/title>\n<meta name=\"description\" content=\"Olen kiinalaisen l\u00e4\u00e4ketieteen ammattilainen. Teen akupunktiota, kuivakuppausta ja mikroneulausta Kirkkonummen keskustassa. Tervetuloa! \ud83d\udc9a\" \/>\n<meta name=\"robots\" content=\"index, follow, max-snippet:-1, max-image-preview:large, max-video-preview:-1\" \/>\n<link rel=\"canonical\" href=\"https:\/\/akupunktiopuu.fi\/\" \/>\n<meta property=\"og:locale\" content=\"fi_FI\" \/>\n<meta property=\"og:type\" content=\"article\" \/>\n<meta property=\"og:title\" content=\"Akupunktio Puu\" \/>\n<meta property=\"og:description\" content=\"Akupunktiota, kuivakuppausta ja kosmeettisia hoitoja Kirkkonummen keskustassa. Olet l\u00e4mpim\u00e4sti tervetullut vastaanotolleni! \ud83d\udc9a\" \/>\n<meta property=\"og:url\" content=\"https:\/\/akupunktiopuu.fi\/\" \/>\n<meta property=\"og:site_name\" content=\"Akupunktio Puu\" \/>\n<meta property=\"article:publisher\" content=\"https:\/\/www.facebook.com\/akupunktiopuu\" \/>\n<meta property=\"article:modified_time\" content=\"2026-01-14T12:25:06+00:00\" \/>\n<meta property=\"og:image\" content=\"https:\/\/akupunktiopuu.fi\/wp-content\/uploads\/2024\/09\/nettikoko-7411.jpg\" \/>\n\t<meta property=\"og:image:width\" content=\"1000\" \/>\n\t<meta property=\"og:image:height\" content=\"1500\" \/>\n\t<meta property=\"og:image:type\" content=\"image\/jpeg\" \/>\n<meta name=\"twitter:card\" content=\"summary_large_image\" \/>\n<meta name=\"twitter:title\" content=\"Akupunktio Puu - Kiinalainen l\u00e4\u00e4ketiede, akupunktio ja kuivakuppaus\" \/>\n<meta name=\"twitter:description\" content=\"Vastaanotan asiakkaita Kirkkonummella ja Helsingiss\u00e4. Olet l\u00e4mpim\u00e4sti tervetullut vastaanotolleni! \ud83d\udc9a\" \/>\n<meta name=\"twitter:image\" content=\"https:\/\/akupunktiopuu.fi\/wp-content\/uploads\/2023\/03\/Nimeton-suunn.malli1_.jpg\" \/>\n<meta name=\"twitter:label1\" content=\"Arvioitu lukuaika\" \/>\n\t<meta name=\"twitter:data1\" content=\"2 minuuttia\" \/>\n<script type=\"application\/ld+json\" class=\"yoast-schema-graph\">{\"@context\":\"https:\/\/schema.org\",\"@graph\":[{\"@type\":\"WebPage\",\"@id\":\"https:\/\/akupunktiopuu.fi\/\",\"url\":\"https:\/\/akupunktiopuu.fi\/\",\"name\":\"Akupunktiota Kirkkonummella - tervetuloa! - Akupunktio Puu\",\"isPartOf\":{\"@id\":\"https:\/\/akupunktiopuu.fi\/#website\"},\"primaryImageOfPage\":{\"@id\":\"https:\/\/akupunktiopuu.fi\/#primaryimage\"},\"image\":{\"@id\":\"https:\/\/akupunktiopuu.fi\/#primaryimage\"},\"thumbnailUrl\":\"https:\/\/akupunktiopuu.fi\/wp-content\/uploads\/2024\/08\/375748962_767580092040384_9129419723920588638_n-1024x1024.jpg\",\"datePublished\":\"2023-03-17T07:17:38+00:00\",\"dateModified\":\"2026-01-14T12:25:06+00:00\",\"description\":\"Olen kiinalaisen l\u00e4\u00e4ketieteen ammattilainen. Teen akupunktiota, kuivakuppausta ja mikroneulausta Kirkkonummen keskustassa. Tervetuloa! \ud83d\udc9a\",\"breadcrumb\":{\"@id\":\"https:\/\/akupunktiopuu.fi\/#breadcrumb\"},\"inLanguage\":\"fi\",\"potentialAction\":[{\"@type\":\"ReadAction\",\"target\":[\"https:\/\/akupunktiopuu.fi\/\"]}]},{\"@type\":\"ImageObject\",\"inLanguage\":\"fi\",\"@id\":\"https:\/\/akupunktiopuu.fi\/#primaryimage\",\"url\":\"https:\/\/akupunktiopuu.fi\/wp-content\/uploads\/2024\/08\/375748962_767580092040384_9129419723920588638_n.jpg\",\"contentUrl\":\"https:\/\/akupunktiopuu.fi\/wp-content\/uploads\/2024\/08\/375748962_767580092040384_9129419723920588638_n.jpg\",\"width\":1080,\"height\":1080},{\"@type\":\"BreadcrumbList\",\"@id\":\"https:\/\/akupunktiopuu.fi\/#breadcrumb\",\"itemListElement\":[{\"@type\":\"ListItem\",\"position\":1,\"name\":\"Etusivu\",\"item\":\"https:\/\/akupunktiopuu.fi\/\"},{\"@type\":\"ListItem\",\"position\":2,\"name\":\"Akupunktiota Kirkkonummella &#8211; tervetuloa!\"}]},{\"@type\":\"WebSite\",\"@id\":\"https:\/\/akupunktiopuu.fi\/#website\",\"url\":\"https:\/\/akupunktiopuu.fi\/\",\"name\":\"Akupunktio Puu\",\"description\":\"Kiinalainen l&auml;&auml;ketiede - akupunktio ja kuivakuppaus \",\"publisher\":{\"@id\":\"https:\/\/akupunktiopuu.fi\/#organization\"},\"potentialAction\":[{\"@type\":\"SearchAction\",\"target\":{\"@type\":\"EntryPoint\",\"urlTemplate\":\"https:\/\/akupunktiopuu.fi\/?s={search_term_string}\"},\"query-input\":{\"@type\":\"PropertyValueSpecification\",\"valueRequired\":true,\"valueName\":\"search_term_string\"}}],\"inLanguage\":\"fi\"},{\"@type\":\"Organization\",\"@id\":\"https:\/\/akupunktiopuu.fi\/#organization\",\"name\":\"Akupunktio Puu\",\"url\":\"https:\/\/akupunktiopuu.fi\/\",\"logo\":{\"@type\":\"ImageObject\",\"inLanguage\":\"fi\",\"@id\":\"https:\/\/akupunktiopuu.fi\/#\/schema\/logo\/image\/\",\"url\":\"https:\/\/akupunktiopuu.fi\/wp-content\/uploads\/2023\/01\/cropped-AkupunkPuu_logo_final_green1_pikkukuva.jpg\",\"contentUrl\":\"https:\/\/akupunktiopuu.fi\/wp-content\/uploads\/2023\/01\/cropped-AkupunkPuu_logo_final_green1_pikkukuva.jpg\",\"width\":250,\"height\":250,\"caption\":\"Akupunktio Puu\"},\"image\":{\"@id\":\"https:\/\/akupunktiopuu.fi\/#\/schema\/logo\/image\/\"},\"sameAs\":[\"https:\/\/www.facebook.com\/akupunktiopuu\",\"https:\/\/www.instagram.com\/akupunktiopuu\/\"]}]}<\/script>\n<!-- \/ Yoast SEO plugin. -->","yoast_head_json":{"title":"Akupunktiota Kirkkonummella - tervetuloa! - Akupunktio Puu","description":"Olen kiinalaisen l\u00e4\u00e4ketieteen ammattilainen. Teen akupunktiota, kuivakuppausta ja mikroneulausta Kirkkonummen keskustassa. Tervetuloa! \ud83d\udc9a","robots":{"index":"index","follow":"follow","max-snippet":"max-snippet:-1","max-image-preview":"max-image-preview:large","max-video-preview":"max-video-preview:-1"},"canonical":"https:\/\/akupunktiopuu.fi\/","og_locale":"fi_FI","og_type":"article","og_title":"Akupunktio Puu","og_description":"Akupunktiota, kuivakuppausta ja kosmeettisia hoitoja Kirkkonummen keskustassa. Olet l\u00e4mpim\u00e4sti tervetullut vastaanotolleni! \ud83d\udc9a","og_url":"https:\/\/akupunktiopuu.fi\/","og_site_name":"Akupunktio Puu","article_publisher":"https:\/\/www.facebook.com\/akupunktiopuu","article_modified_time":"2026-01-14T12:25:06+00:00","og_image":[{"width":1000,"height":1500,"url":"https:\/\/akupunktiopuu.fi\/wp-content\/uploads\/2024\/09\/nettikoko-7411.jpg","type":"image\/jpeg"}],"twitter_card":"summary_large_image","twitter_title":"Akupunktio Puu - Kiinalainen l\u00e4\u00e4ketiede, akupunktio ja kuivakuppaus","twitter_description":"Vastaanotan asiakkaita Kirkkonummella ja Helsingiss\u00e4. Olet l\u00e4mpim\u00e4sti tervetullut vastaanotolleni! \ud83d\udc9a","twitter_image":"https:\/\/akupunktiopuu.fi\/wp-content\/uploads\/2023\/03\/Nimeton-suunn.malli1_.jpg","twitter_misc":{"Arvioitu lukuaika":"2 minuuttia"},"schema":{"@context":"https:\/\/schema.org","@graph":[{"@type":"WebPage","@id":"https:\/\/akupunktiopuu.fi\/","url":"https:\/\/akupunktiopuu.fi\/","name":"Akupunktiota Kirkkonummella - tervetuloa! - Akupunktio Puu","isPartOf":{"@id":"https:\/\/akupunktiopuu.fi\/#website"},"primaryImageOfPage":{"@id":"https:\/\/akupunktiopuu.fi\/#primaryimage"},"image":{"@id":"https:\/\/akupunktiopuu.fi\/#primaryimage"},"thumbnailUrl":"https:\/\/akupunktiopuu.fi\/wp-content\/uploads\/2024\/08\/375748962_767580092040384_9129419723920588638_n-1024x1024.jpg","datePublished":"2023-03-17T07:17:38+00:00","dateModified":"2026-01-14T12:25:06+00:00","description":"Olen kiinalaisen l\u00e4\u00e4ketieteen ammattilainen. Teen akupunktiota, kuivakuppausta ja mikroneulausta Kirkkonummen keskustassa. Tervetuloa! \ud83d\udc9a","breadcrumb":{"@id":"https:\/\/akupunktiopuu.fi\/#breadcrumb"},"inLanguage":"fi","potentialAction":[{"@type":"ReadAction","target":["https:\/\/akupunktiopuu.fi\/"]}]},{"@type":"ImageObject","inLanguage":"fi","@id":"https:\/\/akupunktiopuu.fi\/#primaryimage","url":"https:\/\/akupunktiopuu.fi\/wp-content\/uploads\/2024\/08\/375748962_767580092040384_9129419723920588638_n.jpg","contentUrl":"https:\/\/akupunktiopuu.fi\/wp-content\/uploads\/2024\/08\/375748962_767580092040384_9129419723920588638_n.jpg","width":1080,"height":1080},{"@type":"BreadcrumbList","@id":"https:\/\/akupunktiopuu.fi\/#breadcrumb","itemListElement":[{"@type":"ListItem","position":1,"name":"Etusivu","item":"https:\/\/akupunktiopuu.fi\/"},{"@type":"ListItem","position":2,"name":"Akupunktiota Kirkkonummella &#8211; tervetuloa!"}]},{"@type":"WebSite","@id":"https:\/\/akupunktiopuu.fi\/#website","url":"https:\/\/akupunktiopuu.fi\/","name":"Akupunktio Puu","description":"Kiinalainen l&auml;&auml;ketiede - akupunktio ja kuivakuppaus ","publisher":{"@id":"https:\/\/akupunktiopuu.fi\/#organization"},"potentialAction":[{"@type":"SearchAction","target":{"@type":"EntryPoint","urlTemplate":"https:\/\/akupunktiopuu.fi\/?s={search_term_string}"},"query-input":{"@type":"PropertyValueSpecification","valueRequired":true,"valueName":"search_term_string"}}],"inLanguage":"fi"},{"@type":"Organization","@id":"https:\/\/akupunktiopuu.fi\/#organization","name":"Akupunktio Puu","url":"https:\/\/akupunktiopuu.fi\/","logo":{"@type":"ImageObject","inLanguage":"fi","@id":"https:\/\/akupunktiopuu.fi\/#\/schema\/logo\/image\/","url":"https:\/\/akupunktiopuu.fi\/wp-content\/uploads\/2023\/01\/cropped-AkupunkPuu_logo_final_green1_pikkukuva.jpg","contentUrl":"https:\/\/akupunktiopuu.fi\/wp-content\/uploads\/2023\/01\/cropped-AkupunkPuu_logo_final_green1_pikkukuva.jpg","width":250,"height":250,"caption":"Akupunktio Puu"},"image":{"@id":"https:\/\/akupunktiopuu.fi\/#\/schema\/logo\/image\/"},"sameAs":["https:\/\/www.facebook.com\/akupunktiopuu","https:\/\/www.instagram.com\/akupunktiopuu\/"]}]}},"_links":{"self":[{"href":"https:\/\/akupunktiopuu.fi\/index.php\/wp-json\/wp\/v2\/pages\/213"}],"collection":[{"href":"https:\/\/akupunktiopuu.fi\/index.php\/wp-json\/wp\/v2\/pages"}],"about":[{"href":"https:\/\/akupunktiopuu.fi\/index.php\/wp-json\/wp\/v2\/types\/page"}],"author":[{"embeddable":true,"href":"https:\/\/akupunktiopuu.fi\/index.php\/wp-json\/wp\/v2\/users\/1"}],"replies":[{"embeddable":true,"href":"https:\/\/akupunktiopuu.fi\/index.php\/wp-json\/wp\/v2\/comments?post=213"}],"version-history":[{"count":76,"href":"https:\/\/akupunktiopuu.fi\/index.php\/wp-json\/wp\/v2\/pages\/213\/revisions"}],"predecessor-version":[{"id":889,"href":"https:\/\/akupunktiopuu.fi\/index.php\/wp-json\/wp\/v2\/pages\/213\/revisions\/889"}],"wp:attachment":[{"href":"https:\/\/akupunktiopuu.fi\/index.php\/wp-json\/wp\/v2\/media?parent=213"}],"curies":[{"name":"wp","href":"https:\/\/api.w.org\/{rel}","templated":true}]}}