{"id":3,"date":"2023-01-24T04:53:49","date_gmt":"2023-01-24T04:53:49","guid":{"rendered":"https:\/\/akupunktiopuu.fi\/?page_id=3"},"modified":"2023-03-11T15:18:33","modified_gmt":"2023-03-11T15:18:33","slug":"privacy-policy","status":"publish","type":"page","link":"https:\/\/akupunktiopuu.fi\/index.php\/privacy-policy\/","title":{"rendered":"Rekisteri- ja tietosuojaseloste"},"content":{"rendered":"\n<h1 class=\"wp-block-heading\"><\/h1>\n\n\n\n<p>T\u00e4m\u00e4 on Iida-Lea Kainulaisen\/Akupunktio Puun EU:n yleisen tietosuoja-asetuksen (GDPR) mukainen rekisteri- ja tietosuojaseloste. Laadittu 25.11.2021<\/p>\n\n\n\n<h3 class=\"wp-block-heading\" id=\"1-rekisterinpitaja\">1. Rekisterinpit\u00e4j\u00e4<\/h3>\n\n\n\n<p>Iida-Lea Kainulainen, Akupunktio Puu<\/p>\n\n\n\n<h3 class=\"wp-block-heading\" id=\"2-rekisterista-vastaava-yhteyshenkilo\">2. Rekisterist\u00e4 vastaava yhteyshenkil\u00f6<\/h3>\n\n\n\n<p>Iida-Lea Kainulainen p. 045 270 6188, Grandalantie 2 B 11, 02400 Kirkkonummi<\/p>\n\n\n\n<h3 class=\"wp-block-heading\" id=\"3-rekisterin-nimi\">3. Rekisterin nimi<\/h3>\n\n\n\n<p>Yrityksen asiakasrekisteri ja markkinointirekisteri<\/p>\n\n\n\n<h3 class=\"wp-block-heading\" id=\"4-oikeusperuste-ja-henkilotietojen-kasittelyn-tarkoitus\">4. Oikeusperuste ja henkil\u00f6tietojen k\u00e4sittelyn tarkoitus<\/h3>\n\n\n\n<p>EU:n yleisen tietosuoja-asetuksen mukainen oikeusperuste henkil\u00f6tietojen k\u00e4sittelylle on<br>\u2013 henkil\u00f6n suostumus (dokumentoitu, vapaaehtoinen, yksil\u00f6ity, tietoinen ja yksiselitteinen)<br>\u2013 sopimus, jossa rekister\u00f6ity on osapuolena<br>\u2013 rekisterinpit\u00e4j\u00e4n oikeutettu etu (esim. asiakassuhde ennen sopimusta).<\/p>\n\n\n\n<p>Henkil\u00f6tietojen k\u00e4sittelyn tarkoitus on&nbsp;yhteydenpito asiakkaisiin ja markkinointi.<\/p>\n\n\n\n<p>Tietoja ei k\u00e4ytet\u00e4 automatisoituun p\u00e4\u00e4t\u00f6ksentekoon tai profilointiin.&nbsp;<\/p>\n\n\n\n<h3 class=\"wp-block-heading\" id=\"5-rekisterin-tietosisalto\">5. Rekisterin tietosis\u00e4lt\u00f6<\/h3>\n\n\n\n<p>Rekisteriin tallennettavia tietoja ovat:&nbsp;henkil\u00f6n nimi, asema, yritys\/organisaatio, yhteystiedot (puhelinnumero, s\u00e4hk\u00f6postiosoite, osoite), www-sivustojen osoitteet, verkkoyhteyden IP-osoite, tunnukset\/profiilit sosiaalisen median palveluissa, tiedot tilatuista palveluista ja niiden muutoksista, laskutustiedot, muut asiakassuhteeseen ja tilattuihin palveluihin liittyv\u00e4t tiedot.<\/p>\n\n\n\n<p>Tietoja s\u00e4ilytet\u00e4\u00e4n toistaiseksi.<\/p>\n\n\n\n<p>Verkkosivuston vierailijoiden IP-osoitteita ja palvelun toiminnoille v\u00e4ltt\u00e4m\u00e4tt\u00f6mi\u00e4 ev\u00e4steit\u00e4 k\u00e4sitell\u00e4\u00e4n oikeutetun edun perusteella mm. tietoturvasta huolehtimiseksi ja sivuston vierailijoiden tilastotietojen keruuta varten niiss\u00e4 tapauksissa, kun niiden voidaan katsoa olevan henkil\u00f6tietoja. Kolmansien osapuolten ev\u00e4steille pyydet\u00e4\u00e4n tarvittaessa suostumus erikseen.<\/p>\n\n\n\n<h3 class=\"wp-block-heading\" id=\"6-saannonmukaiset-tietolahteet\">6. S\u00e4\u00e4nn\u00f6nmukaiset tietol\u00e4hteet<\/h3>\n\n\n\n<p>Rekisteriin tallennettavat tiedot saadaan asiakkaalta mm. www-lomakkeilla l\u00e4hetetyist\u00e4 viesteist\u00e4, s\u00e4hk\u00f6postitse, puhelimitse, sosiaalisen median palvelujen kautta, sopimuksista, asiakastapaamisista ja muista tilanteista, joissa asiakas luovuttaa tietojaan.<\/p>\n\n\n\n<p>Yritysten ja muiden organisaatioiden yhteyshenkil\u00f6iden tietoja voidaan ker\u00e4t\u00e4 my\u00f6s julkisista l\u00e4hteist\u00e4 kuten verkkosivuilta, hakemistopalveluista ja muilta yrityksilt\u00e4.<\/p>\n\n\n\n<h3 class=\"wp-block-heading\" id=\"7-tietojen-saannonmukaiset-luovutukset-ja-tietojen-siirto-eu-n-tai-eta-n-ulkopuolelle\">7. Tietojen s\u00e4\u00e4nn\u00f6nmukaiset luovutukset ja tietojen siirto EU:n tai ETA:n ulkopuolelle<\/h3>\n\n\n\n<p>Tietoja ei luovuteta s\u00e4\u00e4nn\u00f6nmukaisesti muille tahoille. Tietoja voidaan julkaista silt\u00e4 osin kuin niin on sovittu asiakkaan kanssa.<\/p>\n\n\n\n<p>Tietoja voidaan siirt\u00e4\u00e4 rekisterinpit\u00e4j\u00e4n toimesta my\u00f6s EU:n tai ETA:n ulkopuolelle.&nbsp;Tietoja ei siirret\u00e4 Yhdysvaltoihin ilman rekister\u00f6ityjen nimenomaista suostumusta.<\/p>\n\n\n\n<h3 class=\"wp-block-heading\" id=\"8-rekisterin-suojauksen-periaatteet\">8. Rekisterin suojauksen periaatteet<\/h3>\n\n\n\n<p>Rekisterin k\u00e4sittelyss\u00e4 noudatetaan huolellisuutta ja tietoj\u00e4rjestelmien avulla k\u00e4sitelt\u00e4v\u00e4t tiedot suojataan asianmukaisesti. Kun rekisteritietoja s\u00e4ilytet\u00e4\u00e4n Internet-palvelimilla, niiden laitteiston fyysisest\u00e4 ja digitaalisesta tietoturvasta huolehditaan asiaankuuluvasti. Rekisterinpit\u00e4j\u00e4 huolehtii siit\u00e4, ett\u00e4 tallennettuja tietoja sek\u00e4 palvelimien k\u00e4ytt\u00f6oikeuksia ja muita henkil\u00f6tietojen turvallisuuden kannalta kriittisi\u00e4 tietoja k\u00e4sitell\u00e4\u00e4n luottamuksellisesti ja vain niiden ty\u00f6ntekij\u00f6iden toimesta, joiden ty\u00f6nkuvaan se kuuluu.<\/p>\n\n\n\n<h3 class=\"wp-block-heading\" id=\"9-tarkastusoikeus-ja-oikeus-vaatia-tiedon-korjaamista\">9. Tarkastusoikeus ja oikeus vaatia tiedon korjaamista<\/h3>\n\n\n\n<p>Jokaisella rekisteriss\u00e4 olevalla henkil\u00f6ll\u00e4 on oikeus tarkistaa rekisteriin tallennetut tietonsa ja vaatia mahdollisen virheellisen tiedon korjaamista tai puutteellisen tiedon t\u00e4ydent\u00e4mist\u00e4. Mik\u00e4li henkil\u00f6 haluaa tarkistaa h\u00e4nest\u00e4 tallennetut tiedot tai vaatia niihin oikaisua, pyynt\u00f6 tulee&nbsp;l\u00e4hett\u00e4\u00e4 kirjallisesti&nbsp;rekisterinpit\u00e4j\u00e4lle. Rekisterinpit\u00e4j\u00e4 voi pyyt\u00e4\u00e4 tarvittaessa pyynn\u00f6n esitt\u00e4j\u00e4\u00e4 todistamaan henkil\u00f6llisyytens\u00e4. Rekisterinpit\u00e4j\u00e4 vastaa asiakkaalle EU:n tietosuoja-asetuksessa s\u00e4\u00e4detyss\u00e4 ajassa (p\u00e4\u00e4s\u00e4\u00e4nt\u00f6isesti kuukauden kuluessa).<\/p>\n\n\n\n<h3 class=\"wp-block-heading\" id=\"10-muut-henkilotietojen-kasittelyyn-liittyvat-oikeudet\">10. Muut henkil\u00f6tietojen k\u00e4sittelyyn liittyv\u00e4t oikeudet<\/h3>\n\n\n\n<p>Rekisteriss\u00e4 olevalla henkil\u00f6ll\u00e4 on oikeus pyyt\u00e4\u00e4 h\u00e4nt\u00e4 koskevien henkil\u00f6tietojen poistamiseen rekisterist\u00e4 (\u201doikeus tulla unohdetuksi\u201d). Niin ik\u00e4\u00e4n rekister\u00f6idyill\u00e4 on muut&nbsp;<a href=\"http:\/\/eur-lex.europa.eu\/legal-content\/FI\/TXT\/?uri=CELEX%3A32016R0679#d1e2144-1-1\" target=\"_blank\" rel=\"noreferrer noopener\"><u>EU:n yleisen tietosuoja-asetuksen mukaiset oikeudet<\/u><\/a>&nbsp;kuten henkil\u00f6tietojen k\u00e4sittelyn rajoittaminen tietyiss\u00e4 tilanteissa. Pyynn\u00f6t tulee&nbsp;l\u00e4hett\u00e4\u00e4 kirjallisesti&nbsp;rekisterinpit\u00e4j\u00e4lle. Rekisterinpit\u00e4j\u00e4 voi pyyt\u00e4\u00e4 tarvittaessa pyynn\u00f6n esitt\u00e4j\u00e4\u00e4 todistamaan henkil\u00f6llisyytens\u00e4. Rekisterinpit\u00e4j\u00e4 vastaa asiakkaalle EU:n tietosuoja-asetuksessa s\u00e4\u00e4detyss\u00e4 ajassa (p\u00e4\u00e4s\u00e4\u00e4nt\u00f6isesti kuukauden kuluessa).<\/p>\n\n\n\n<h2 class=\"wp-block-heading\"><\/h2>\n\n\n\n<h2 class=\"wp-block-heading\"><\/h2>\n","protected":false},"excerpt":{"rendered":"<p>T\u00e4m\u00e4 on Iida-Lea Kainulaisen\/Akupunktio Puun EU:n yleisen tietosuoja-asetuksen (GDPR) mukainen rekisteri- ja tietosuojaseloste. Laadittu 25.11.2021 1. Rekisterinpit\u00e4j\u00e4 Iida-Lea Kainulainen, Akupunktio Puu 2. Rekisterist\u00e4 vastaava yhteyshenkil\u00f6 Iida-Lea Kainulainen p. 045 270 6188, Grandalantie 2 B 11, 02400 Kirkkonummi 3. Rekisterin nimi Yrityksen asiakasrekisteri ja markkinointirekisteri 4. Oikeusperuste ja henkil\u00f6tietojen k\u00e4sittelyn tarkoitus EU:n yleisen tietosuoja-asetuksen mukainen oikeusperuste &hellip; <\/p>\n<p class=\"link-more\"><a href=\"https:\/\/akupunktiopuu.fi\/index.php\/privacy-policy\/\" class=\"more-link\">Jatka lukemista<span class=\"screen-reader-text\"> &#8221;Rekisteri- ja tietosuojaseloste&#8221;<\/span><\/a><\/p>\n","protected":false},"author":1,"featured_media":47,"parent":0,"menu_order":0,"comment_status":"closed","ping_status":"closed","template":"","meta":{"footnotes":""},"yoast_head":"<!-- This site is optimized with the Yoast SEO plugin v24.5 - https:\/\/yoast.com\/wordpress\/plugins\/seo\/ -->\n<title>Rekisteri- ja tietosuojaseloste - Akupunktio Puu<\/title>\n<meta name=\"robots\" content=\"index, follow, max-snippet:-1, max-image-preview:large, max-video-preview:-1\" \/>\n<link rel=\"canonical\" href=\"https:\/\/akupunktiopuu.fi\/index.php\/privacy-policy\/\" \/>\n<meta property=\"og:locale\" content=\"fi_FI\" \/>\n<meta property=\"og:type\" content=\"article\" \/>\n<meta property=\"og:title\" content=\"Rekisteri- ja tietosuojaseloste - Akupunktio Puu\" \/>\n<meta property=\"og:description\" content=\"T\u00e4m\u00e4 on Iida-Lea Kainulaisen\/Akupunktio Puun EU:n yleisen tietosuoja-asetuksen (GDPR) mukainen rekisteri- ja tietosuojaseloste. Laadittu 25.11.2021 1. Rekisterinpit\u00e4j\u00e4 Iida-Lea Kainulainen, Akupunktio Puu 2. Rekisterist\u00e4 vastaava yhteyshenkil\u00f6 Iida-Lea Kainulainen p. 045 270 6188, Grandalantie 2 B 11, 02400 Kirkkonummi 3. Rekisterin nimi Yrityksen asiakasrekisteri ja markkinointirekisteri 4. Oikeusperuste ja henkil\u00f6tietojen k\u00e4sittelyn tarkoitus EU:n yleisen tietosuoja-asetuksen mukainen oikeusperuste &hellip; Jatka lukemista &quot;Rekisteri- ja tietosuojaseloste&quot;\" \/>\n<meta property=\"og:url\" content=\"https:\/\/akupunktiopuu.fi\/index.php\/privacy-policy\/\" \/>\n<meta property=\"og:site_name\" content=\"Akupunktio Puu\" \/>\n<meta property=\"article:publisher\" content=\"https:\/\/www.facebook.com\/akupunktiopuu\" \/>\n<meta property=\"article:modified_time\" content=\"2023-03-11T15:18:33+00:00\" \/>\n<meta property=\"og:image\" content=\"https:\/\/akupunktiopuu.fi\/wp-content\/uploads\/2023\/01\/trees-g8c8421297_1920.jpg\" \/>\n\t<meta property=\"og:image:width\" content=\"1920\" \/>\n\t<meta property=\"og:image:height\" content=\"1080\" \/>\n\t<meta property=\"og:image:type\" content=\"image\/jpeg\" \/>\n<meta name=\"twitter:card\" content=\"summary_large_image\" \/>\n<meta name=\"twitter:label1\" content=\"Arvioitu lukuaika\" \/>\n\t<meta name=\"twitter:data1\" content=\"3 minuuttia\" \/>\n<script type=\"application\/ld+json\" class=\"yoast-schema-graph\">{\"@context\":\"https:\/\/schema.org\",\"@graph\":[{\"@type\":\"WebPage\",\"@id\":\"https:\/\/akupunktiopuu.fi\/index.php\/privacy-policy\/\",\"url\":\"https:\/\/akupunktiopuu.fi\/index.php\/privacy-policy\/\",\"name\":\"Rekisteri- ja tietosuojaseloste - Akupunktio Puu\",\"isPartOf\":{\"@id\":\"https:\/\/akupunktiopuu.fi\/#website\"},\"primaryImageOfPage\":{\"@id\":\"https:\/\/akupunktiopuu.fi\/index.php\/privacy-policy\/#primaryimage\"},\"image\":{\"@id\":\"https:\/\/akupunktiopuu.fi\/index.php\/privacy-policy\/#primaryimage\"},\"thumbnailUrl\":\"https:\/\/akupunktiopuu.fi\/wp-content\/uploads\/2023\/01\/trees-g8c8421297_1920.jpg\",\"datePublished\":\"2023-01-24T04:53:49+00:00\",\"dateModified\":\"2023-03-11T15:18:33+00:00\",\"breadcrumb\":{\"@id\":\"https:\/\/akupunktiopuu.fi\/index.php\/privacy-policy\/#breadcrumb\"},\"inLanguage\":\"fi\",\"potentialAction\":[{\"@type\":\"ReadAction\",\"target\":[\"https:\/\/akupunktiopuu.fi\/index.php\/privacy-policy\/\"]}]},{\"@type\":\"ImageObject\",\"inLanguage\":\"fi\",\"@id\":\"https:\/\/akupunktiopuu.fi\/index.php\/privacy-policy\/#primaryimage\",\"url\":\"https:\/\/akupunktiopuu.fi\/wp-content\/uploads\/2023\/01\/trees-g8c8421297_1920.jpg\",\"contentUrl\":\"https:\/\/akupunktiopuu.fi\/wp-content\/uploads\/2023\/01\/trees-g8c8421297_1920.jpg\",\"width\":1920,\"height\":1080},{\"@type\":\"BreadcrumbList\",\"@id\":\"https:\/\/akupunktiopuu.fi\/index.php\/privacy-policy\/#breadcrumb\",\"itemListElement\":[{\"@type\":\"ListItem\",\"position\":1,\"name\":\"Etusivu\",\"item\":\"https:\/\/akupunktiopuu.fi\/\"},{\"@type\":\"ListItem\",\"position\":2,\"name\":\"Rekisteri- ja tietosuojaseloste\"}]},{\"@type\":\"WebSite\",\"@id\":\"https:\/\/akupunktiopuu.fi\/#website\",\"url\":\"https:\/\/akupunktiopuu.fi\/\",\"name\":\"Akupunktio Puu\",\"description\":\"Kiinalainen l&auml;&auml;ketiede - akupunktio ja kuivakuppaus \",\"publisher\":{\"@id\":\"https:\/\/akupunktiopuu.fi\/#organization\"},\"potentialAction\":[{\"@type\":\"SearchAction\",\"target\":{\"@type\":\"EntryPoint\",\"urlTemplate\":\"https:\/\/akupunktiopuu.fi\/?s={search_term_string}\"},\"query-input\":{\"@type\":\"PropertyValueSpecification\",\"valueRequired\":true,\"valueName\":\"search_term_string\"}}],\"inLanguage\":\"fi\"},{\"@type\":\"Organization\",\"@id\":\"https:\/\/akupunktiopuu.fi\/#organization\",\"name\":\"Akupunktio Puu\",\"url\":\"https:\/\/akupunktiopuu.fi\/\",\"logo\":{\"@type\":\"ImageObject\",\"inLanguage\":\"fi\",\"@id\":\"https:\/\/akupunktiopuu.fi\/#\/schema\/logo\/image\/\",\"url\":\"https:\/\/akupunktiopuu.fi\/wp-content\/uploads\/2023\/01\/cropped-AkupunkPuu_logo_final_green1_pikkukuva.jpg\",\"contentUrl\":\"https:\/\/akupunktiopuu.fi\/wp-content\/uploads\/2023\/01\/cropped-AkupunkPuu_logo_final_green1_pikkukuva.jpg\",\"width\":250,\"height\":250,\"caption\":\"Akupunktio Puu\"},\"image\":{\"@id\":\"https:\/\/akupunktiopuu.fi\/#\/schema\/logo\/image\/\"},\"sameAs\":[\"https:\/\/www.facebook.com\/akupunktiopuu\",\"https:\/\/www.instagram.com\/akupunktiopuu\/\"]}]}<\/script>\n<!-- \/ Yoast SEO plugin. -->","yoast_head_json":{"title":"Rekisteri- ja tietosuojaseloste - Akupunktio Puu","robots":{"index":"index","follow":"follow","max-snippet":"max-snippet:-1","max-image-preview":"max-image-preview:large","max-video-preview":"max-video-preview:-1"},"canonical":"https:\/\/akupunktiopuu.fi\/index.php\/privacy-policy\/","og_locale":"fi_FI","og_type":"article","og_title":"Rekisteri- ja tietosuojaseloste - Akupunktio Puu","og_description":"T\u00e4m\u00e4 on Iida-Lea Kainulaisen\/Akupunktio Puun EU:n yleisen tietosuoja-asetuksen (GDPR) mukainen rekisteri- ja tietosuojaseloste. Laadittu 25.11.2021 1. Rekisterinpit\u00e4j\u00e4 Iida-Lea Kainulainen, Akupunktio Puu 2. Rekisterist\u00e4 vastaava yhteyshenkil\u00f6 Iida-Lea Kainulainen p. 045 270 6188, Grandalantie 2 B 11, 02400 Kirkkonummi 3. Rekisterin nimi Yrityksen asiakasrekisteri ja markkinointirekisteri 4. Oikeusperuste ja henkil\u00f6tietojen k\u00e4sittelyn tarkoitus EU:n yleisen tietosuoja-asetuksen mukainen oikeusperuste &hellip; Jatka lukemista \"Rekisteri- ja tietosuojaseloste\"","og_url":"https:\/\/akupunktiopuu.fi\/index.php\/privacy-policy\/","og_site_name":"Akupunktio Puu","article_publisher":"https:\/\/www.facebook.com\/akupunktiopuu","article_modified_time":"2023-03-11T15:18:33+00:00","og_image":[{"width":1920,"height":1080,"url":"https:\/\/akupunktiopuu.fi\/wp-content\/uploads\/2023\/01\/trees-g8c8421297_1920.jpg","type":"image\/jpeg"}],"twitter_card":"summary_large_image","twitter_misc":{"Arvioitu lukuaika":"3 minuuttia"},"schema":{"@context":"https:\/\/schema.org","@graph":[{"@type":"WebPage","@id":"https:\/\/akupunktiopuu.fi\/index.php\/privacy-policy\/","url":"https:\/\/akupunktiopuu.fi\/index.php\/privacy-policy\/","name":"Rekisteri- ja tietosuojaseloste - Akupunktio Puu","isPartOf":{"@id":"https:\/\/akupunktiopuu.fi\/#website"},"primaryImageOfPage":{"@id":"https:\/\/akupunktiopuu.fi\/index.php\/privacy-policy\/#primaryimage"},"image":{"@id":"https:\/\/akupunktiopuu.fi\/index.php\/privacy-policy\/#primaryimage"},"thumbnailUrl":"https:\/\/akupunktiopuu.fi\/wp-content\/uploads\/2023\/01\/trees-g8c8421297_1920.jpg","datePublished":"2023-01-24T04:53:49+00:00","dateModified":"2023-03-11T15:18:33+00:00","breadcrumb":{"@id":"https:\/\/akupunktiopuu.fi\/index.php\/privacy-policy\/#breadcrumb"},"inLanguage":"fi","potentialAction":[{"@type":"ReadAction","target":["https:\/\/akupunktiopuu.fi\/index.php\/privacy-policy\/"]}]},{"@type":"ImageObject","inLanguage":"fi","@id":"https:\/\/akupunktiopuu.fi\/index.php\/privacy-policy\/#primaryimage","url":"https:\/\/akupunktiopuu.fi\/wp-content\/uploads\/2023\/01\/trees-g8c8421297_1920.jpg","contentUrl":"https:\/\/akupunktiopuu.fi\/wp-content\/uploads\/2023\/01\/trees-g8c8421297_1920.jpg","width":1920,"height":1080},{"@type":"BreadcrumbList","@id":"https:\/\/akupunktiopuu.fi\/index.php\/privacy-policy\/#breadcrumb","itemListElement":[{"@type":"ListItem","position":1,"name":"Etusivu","item":"https:\/\/akupunktiopuu.fi\/"},{"@type":"ListItem","position":2,"name":"Rekisteri- ja tietosuojaseloste"}]},{"@type":"WebSite","@id":"https:\/\/akupunktiopuu.fi\/#website","url":"https:\/\/akupunktiopuu.fi\/","name":"Akupunktio Puu","description":"Kiinalainen l&auml;&auml;ketiede - akupunktio ja kuivakuppaus ","publisher":{"@id":"https:\/\/akupunktiopuu.fi\/#organization"},"potentialAction":[{"@type":"SearchAction","target":{"@type":"EntryPoint","urlTemplate":"https:\/\/akupunktiopuu.fi\/?s={search_term_string}"},"query-input":{"@type":"PropertyValueSpecification","valueRequired":true,"valueName":"search_term_string"}}],"inLanguage":"fi"},{"@type":"Organization","@id":"https:\/\/akupunktiopuu.fi\/#organization","name":"Akupunktio Puu","url":"https:\/\/akupunktiopuu.fi\/","logo":{"@type":"ImageObject","inLanguage":"fi","@id":"https:\/\/akupunktiopuu.fi\/#\/schema\/logo\/image\/","url":"https:\/\/akupunktiopuu.fi\/wp-content\/uploads\/2023\/01\/cropped-AkupunkPuu_logo_final_green1_pikkukuva.jpg","contentUrl":"https:\/\/akupunktiopuu.fi\/wp-content\/uploads\/2023\/01\/cropped-AkupunkPuu_logo_final_green1_pikkukuva.jpg","width":250,"height":250,"caption":"Akupunktio Puu"},"image":{"@id":"https:\/\/akupunktiopuu.fi\/#\/schema\/logo\/image\/"},"sameAs":["https:\/\/www.facebook.com\/akupunktiopuu","https:\/\/www.instagram.com\/akupunktiopuu\/"]}]}},"_links":{"self":[{"href":"https:\/\/akupunktiopuu.fi\/index.php\/wp-json\/wp\/v2\/pages\/3"}],"collection":[{"href":"https:\/\/akupunktiopuu.fi\/index.php\/wp-json\/wp\/v2\/pages"}],"about":[{"href":"https:\/\/akupunktiopuu.fi\/index.php\/wp-json\/wp\/v2\/types\/page"}],"author":[{"embeddable":true,"href":"https:\/\/akupunktiopuu.fi\/index.php\/wp-json\/wp\/v2\/users\/1"}],"replies":[{"embeddable":true,"href":"https:\/\/akupunktiopuu.fi\/index.php\/wp-json\/wp\/v2\/comments?post=3"}],"version-history":[{"count":9,"href":"https:\/\/akupunktiopuu.fi\/index.php\/wp-json\/wp\/v2\/pages\/3\/revisions"}],"predecessor-version":[{"id":163,"href":"https:\/\/akupunktiopuu.fi\/index.php\/wp-json\/wp\/v2\/pages\/3\/revisions\/163"}],"wp:featuredmedia":[{"embeddable":true,"href":"https:\/\/akupunktiopuu.fi\/index.php\/wp-json\/wp\/v2\/media\/47"}],"wp:attachment":[{"href":"https:\/\/akupunktiopuu.fi\/index.php\/wp-json\/wp\/v2\/media?parent=3"}],"curies":[{"name":"wp","href":"https:\/\/api.w.org\/{rel}","templated":true}]}}