{"id":52,"date":"2023-03-11T12:58:20","date_gmt":"2023-03-11T12:58:20","guid":{"rendered":"https:\/\/akupunktiopuu.fi\/?page_id=52"},"modified":"2025-05-26T06:37:53","modified_gmt":"2025-05-26T06:37:53","slug":"mina","status":"publish","type":"page","link":"https:\/\/akupunktiopuu.fi\/index.php\/mina\/","title":{"rendered":"Min\u00e4"},"content":{"rendered":"\n<p>Olen Iida-Lea Kainulainen, kiinalaisen l\u00e4\u00e4ketieteen ammattilainen, akupunktiohoitaja ja jalkaterapeutti.<\/p>\n\n\n\n<p>Olen opiskellut kiinalaista l\u00e4\u00e4ketiedett\u00e4 <a href=\"https:\/\/kiinalainenlaaketiede.fi\/akatemia\/\">Kiinalaisen L\u00e4\u00e4ketieteen Akatemiassa<\/a> (2018-2021) ja <a href=\"https:\/\/neijing.fi\/\">Helsingin Neijing-koulussa<\/a> (2004-2007). Akatemian koulutus on t\u00e4ll\u00e4 hetkell\u00e4 Suomen laajin ja t\u00e4ytt\u00e4\u00e4 sek\u00e4 eurooppalaisen kattoj\u00e4rjest\u00f6n ETCMA:n, ett\u00e4 suomalaisen FinnAcun asettamat akupunktiohoitajien koulutusvaatimukset. Kuulun <a href=\"https:\/\/finnacu.fi\/terapeuttirekisteri\/\">Finnacun terapeuttirekisteriin<\/a> ja toimin Finnacun sihteerin\u00e4.&nbsp;<\/p>\n\n\n\n<p>Olen k\u00e4ynyt peruskoulutusten lis\u00e4ksi kosmeettisten tekniikoiden erikoistumiskoulutuksen sek\u00e4 erilaisia lyhyempi\u00e4 kursseja ja koulutuksia liittyen mm. psyykkisiin haasteisiin, seksuaalisuuden ongelmiin, lis\u00e4\u00e4ntymisterveyteen ja hedelm\u00f6ityshoitoihin sek\u00e4 neurologisiin sairauksiin. Olen koulutukseltani my\u00f6s <a href=\"https:\/\/www.metropolia.fi\/fi\/opiskelu-metropoliassa\/amk-tutkinnot\/jalkaterapia\">jalkaterapeutti (AMK)<\/a> ja l\u00f6yd\u00e4t minut <a href=\"https:\/\/julkiterhikki.valvira.fi\/\">JulkiTerhikist\u00e4<\/a>. En tee t\u00e4ll\u00e4 hetkell\u00e4 jalkaterapeutin t\u00f6it\u00e4, mutta k\u00e4yt\u00e4n osaamistani monipuolisesti hyv\u00e4kseni akupunktiovastaanotollani.<\/p>\n\n\n\n<p>Kiinalainen l\u00e4\u00e4ketiede kiehtoo minua erityisesti sen kokonaisvaltaisen ihmisk\u00e4sityksen vuoksi. Lis\u00e4ksi se on eritt\u00e4in toimiva ja turvallinen hoitomuoto, jota k\u00e4yt\u00e4n itsekin paljon. Kiinalaisen l\u00e4\u00e4ketieteen ja akupunktion laadukas tutkimus on lis\u00e4\u00e4ntynyt merkitt\u00e4v\u00e4sti viimeisen kymmenen vuoden aikana ja tutkimuksia on julkaistu my\u00f6s arvostetuissa l\u00e4\u00e4ketieteellisiss\u00e4 julkaisuissa.<\/p>\n\n\n\n<h6 class=\"wp-block-heading\">Tutkimusn\u00e4ytt\u00f6\u00e4 l\u00f6yd\u00e4t esimerkiksi t\u00e4\u00e4lt\u00e4:<\/h6>\n\n\n\n<ul>\n<li>Suomeksi: <a rel=\"noreferrer noopener\" href=\"https:\/\/kiinalainenlaaketiede.fi\/kiinalainen-laaketiede-ja-akupunktio\/akupunktiotutkimusta\" target=\"_blank\">https:\/\/kiinalainenlaaketiede.fi\/kiinalainen-laaketiede-ja-akupunktio\/akupunktiotutkimusta<\/a>\/<\/li>\n\n\n\n<li><a href=\"https:\/\/www.evidencebasedacupuncture.org\/\" target=\"_blank\" rel=\"noreferrer noopener\">https:\/\/www.evidencebasedacupuncture.org\/<\/a><\/li>\n\n\n\n<li>My\u00f6s PubMed-tietokannasta l\u00f6ytyy paljon tutkimuksia <a href=\"https:\/\/pubmed.ncbi.nlm.nih.gov\/\" target=\"_blank\" rel=\"noreferrer noopener\">https:\/\/pubmed.ncbi.nlm.nih.gov\/<\/a><\/li>\n<\/ul>\n\n\n\n<figure class=\"wp-block-gallery has-nested-images columns-default is-cropped wp-block-gallery-1 is-layout-flex wp-block-gallery-is-layout-flex\">\n<figure class=\"wp-block-image size-large\"><img loading=\"lazy\" decoding=\"async\" width=\"683\" height=\"1024\" data-id=\"199\" src=\"https:\/\/akupunktiopuu.fi\/wp-content\/uploads\/2023\/03\/IMG_3802-683x1024.jpg\" alt=\"\" class=\"wp-image-199\" srcset=\"https:\/\/akupunktiopuu.fi\/wp-content\/uploads\/2023\/03\/IMG_3802-683x1024.jpg 683w, https:\/\/akupunktiopuu.fi\/wp-content\/uploads\/2023\/03\/IMG_3802-200x300.jpg 200w, https:\/\/akupunktiopuu.fi\/wp-content\/uploads\/2023\/03\/IMG_3802-768x1152.jpg 768w, https:\/\/akupunktiopuu.fi\/wp-content\/uploads\/2023\/03\/IMG_3802-1024x1536.jpg 1024w, https:\/\/akupunktiopuu.fi\/wp-content\/uploads\/2023\/03\/IMG_3802-1365x2048.jpg 1365w, https:\/\/akupunktiopuu.fi\/wp-content\/uploads\/2023\/03\/IMG_3802-scaled.jpg 1707w\" sizes=\"(max-width: 683px) 100vw, 683px\" \/><\/figure>\n<\/figure>\n\n\n\n<h2 class=\"wp-block-heading\">Minun tarinani<\/h2>\n\n\n\n<p>Tieni kiinalaisen l\u00e4\u00e4ketieteen parissa alkoi vuonna 2004, jolloin olin el\u00e4m\u00e4ss\u00e4ni ihan t\u00e4ysin pohjalla\u2026ja merkillisten sattumusten seurauksena p\u00e4\u00e4dyin aloittamaan opinnot Helsingin Neijing-koulussa. Ryhm\u00e4n nimi oli Ming Dao \u2013 Kohtalon tie ja ainakin omalla kohdalla, se piti todella paikkansa.<\/p>\n\n\n\n<p>Opin meditoimaan, valo el\u00e4m\u00e4ss\u00e4ni alkoi lis\u00e4\u00e4nty\u00e4 ja aloin tutkia itse\u00e4ni ja omaa paikkaani maailmassa.<\/p>\n\n\n\n<p>Opiskelin lopulta my\u00f6s jalkaterapeutiksi Metropolia-ammattikorkeakoulussa. Vaikken teek\u00e4\u00e4n juuri nyt suoranaisesti jalkaterapeutin t\u00f6it\u00e4, arvostan suuresti koulutustani ja k\u00e4yt\u00e4n jalkaterapiaopinnoissa saamaani tietotaitoa jatkuvasti hy\u00f6dyksi nykyisess\u00e4 ty\u00f6ss\u00e4ni.<\/p>\n\n\n\n<p><strong>Etsim\u00e4ss\u00e4 itse\u00e4ni<\/strong><\/p>\n\n\n\n<p>Vuosikausia el\u00e4m\u00e4 heitteli sinne sun t\u00e4nne, asuin monessa eri paikassa, tein keikkat\u00f6it\u00e4 lasten ja kehitysvammaisten parissa, tutustuin erilaisiin ihmisiin, matkustelin, etsin itse\u00e4ni ja sis\u00e4ist\u00e4 rauhaa. Olin edelleen aika tuuliajolla el\u00e4m\u00e4ss\u00e4ni.<\/p>\n\n\n\n<p>N\u00e4in\u00e4 vuosina tein akupunktiohoitoja eniten itselleni, mutta paljon my\u00f6s yst\u00e4ville, tutuille ja tuttujen tutuille. Vaikka hoidoista oli yleens\u00e4 apua, ep\u00e4ilin silti jatkuvasti itse\u00e4ni. Pelk\u00e4sin, etten ehk\u00e4 sittenk\u00e4\u00e4n ole tarpeeksi hyv\u00e4.<\/p>\n\n\n\n<p><strong>Kohti pelkoja<\/strong><\/p>\n\n\n\n<p>Muutin Hirvensalmelle vuonna 2012 ja tuolloin p\u00e4\u00e4tin sitten lopettaa akupunktiohoitojen tekemisen toistaiseksi, koska olin niin ep\u00e4varma omien kykyjeni ja itsenikin suhteen. P\u00e4\u00e4tin mieless\u00e4ni, ett\u00e4 jollei joku tule ovelle koputtamaan ja kysym\u00e4\u00e4n minulta suoraa, niin en tee hoitoja lainkaan, enk\u00e4 edes kerro kenellek\u00e4\u00e4n, ett\u00e4 olen opiskellut alaa.<\/p>\n\n\n\n<p>T\u00e4st\u00e4 mit\u00e4\u00e4n tiet\u00e4m\u00e4tt\u00e4, hyv\u00e4 yst\u00e4v\u00e4ni ja tuleva k\u00e4mppikseni oli maininnut tulevalle vuokranantajallemme, ett\u00e4 osaan tehd\u00e4 akupunktiohoitoja. Vuokranantaja oli kertonut t\u00e4st\u00e4 eteenp\u00e4in ja sana oli kiirinyt sill\u00e4 seurauksella, ett\u00e4 jo heti ensimm\u00e4isen\u00e4 p\u00e4iv\u00e4n\u00e4 ovelleni kirjaimellisesti koputettiin ja kysyttiin akupunktiota\u2026<\/p>\n\n\n\n<p>Samaan aikaan p\u00e4\u00e4tin my\u00f6s alkaa kohtaamaan omia pelkojani, ep\u00e4varmuuksiani ja h\u00e4pe\u00e4\u00e4, joiden olin jo niin pitk\u00e4\u00e4n antanut rajoittaa itse\u00e4ni ja el\u00e4m\u00e4ni alkoi vihdoin saada ihan uusia ulottuvuuksia.<\/p>\n\n\n\n<p><strong>Oikealla tiell\u00e4<\/strong><\/p>\n\n\n\n<p>Vuonna 2017 koin ihan hurjan valon, rakkauden ja armon kokemuksen, joka tipautti minut polvilleen \u2013 niin henkisesti kuin fyysisestikin \u2013 ja tajusin sill\u00e4 hetkell\u00e4 olevani juuri siin\u00e4, miss\u00e4 minun kuuluukin olla. Kaikki oli hyvin; niin kuin oli aina ollutkin.<\/p>\n\n\n\n<p>Yht\u00e4kki\u00e4 tiesin t\u00e4sm\u00e4lleen, mihin suuntaan l\u00e4hte\u00e4. El\u00e4m\u00e4 aukeni ja selkiytyi taas ihan uudella tavalla ja kaikki muuttui &#8211; tai oikeammin sanottuna se, miten el\u00e4m\u00e4n n\u00e4in ja koin, muuttui.<\/p>\n\n\n\n<p>Pari viikkoa sen j\u00e4lkeen hain opiskelemaan juuri perustettuun Kiinalaisen L\u00e4\u00e4ketieteen Akatemiaan, josta valmistuin kev\u00e4\u00e4ll\u00e4 2021. Perustin toiminimen 2020 helmikuussa ja siit\u00e4 l\u00e4htien olen vastaanottanut asiakkaita Kirkkonummella. Lokakuun alussa aloin ty\u00f6skennell\u00e4 my\u00f6s Helsingiss\u00e4 Sofianovan l\u00e4\u00e4k\u00e4riasemalla, jossa ty\u00f6skentelin 2021 kes\u00e4kuun loppuun. Kev\u00e4\u00e4ll\u00e4 2021 aloin ottaa asiakkaita vastaan Joogakoulu Shantin tiloissa Helsingin T\u00f6\u00f6l\u00f6ss\u00e4. T\u00e4ll\u00e4 hetkell\u00e4 otan asiakkaita vastaan ainoastaan Kirkkonummella.<\/p>\n\n\n\n<p>Samalla, kun kuljen tiet\u00e4, jonka tunnen syd\u00e4mess\u00e4ni tosi vahvasti juuri oikeaksi ja saan jatkuvasti vahvistuksia siit\u00e4, joudun edelleen ajoittain kohtaamaan oman ep\u00e4t\u00e4ydellisyyteni, pelkoni ja ep\u00e4varmuuteni. Nyt minulla on kuitenkin syv\u00e4lt\u00e4 sisimm\u00e4st\u00e4ni nouseva luottamus, rauha ja rakkaus, yhteys itseeni ja maailmankaikkeuteen. Se antaa ihan suunnattomasti rohkeutta ja voimaa, mutta pit\u00e4\u00e4 samalla n\u00f6yr\u00e4n\u00e4.<\/p>\n\n\n\n<p>En tied\u00e4, mit\u00e4 tulevaisuus tuo tullessaan ja mihin el\u00e4m\u00e4 minua viel\u00e4 vie, mutta tunnen vahvasti olevani oikealla tiell\u00e4. Juuri nyt. Se riitt\u00e4\u00e4.<\/p>\n\n\n\n<figure class=\"wp-block-gallery has-nested-images columns-default is-cropped wp-block-gallery-2 is-layout-flex wp-block-gallery-is-layout-flex\"><\/figure>\n\n\n\n<h4 class=\"wp-block-heading\"><\/h4>\n\n\n\n<p class=\"has-background-color has-text-color\"><\/p>\n\n\n\n<figure class=\"wp-block-gallery has-nested-images columns-default is-cropped wp-block-gallery-3 is-layout-flex wp-block-gallery-is-layout-flex\"><\/figure>\n","protected":false},"excerpt":{"rendered":"<p>Olen Iida-Lea Kainulainen, kiinalaisen l\u00e4\u00e4ketieteen ammattilainen, akupunktiohoitaja ja jalkaterapeutti. Olen opiskellut kiinalaista l\u00e4\u00e4ketiedett\u00e4 Kiinalaisen L\u00e4\u00e4ketieteen Akatemiassa (2018-2021) ja Helsingin Neijing-koulussa (2004-2007). Akatemian koulutus on t\u00e4ll\u00e4 hetkell\u00e4 Suomen laajin ja t\u00e4ytt\u00e4\u00e4 sek\u00e4 eurooppalaisen kattoj\u00e4rjest\u00f6n ETCMA:n, ett\u00e4 suomalaisen FinnAcun asettamat akupunktiohoitajien koulutusvaatimukset. Kuulun Finnacun terapeuttirekisteriin ja toimin Finnacun sihteerin\u00e4.&nbsp; Olen k\u00e4ynyt peruskoulutusten lis\u00e4ksi kosmeettisten tekniikoiden erikoistumiskoulutuksen sek\u00e4 &hellip; <\/p>\n<p class=\"link-more\"><a href=\"https:\/\/akupunktiopuu.fi\/index.php\/mina\/\" class=\"more-link\">Jatka lukemista<span class=\"screen-reader-text\"> &#8221;Min\u00e4&#8221;<\/span><\/a><\/p>\n","protected":false},"author":1,"featured_media":54,"parent":0,"menu_order":0,"comment_status":"closed","ping_status":"closed","template":"","meta":{"footnotes":""},"yoast_head":"<!-- This site is optimized with the Yoast SEO plugin v24.5 - https:\/\/yoast.com\/wordpress\/plugins\/seo\/ -->\n<title>Min\u00e4 - Akupunktio Puu<\/title>\n<meta name=\"description\" content=\"Olen opiskellut kiinalaista l\u00e4\u00e4ketiedett\u00e4 Kiinalaisen L\u00e4\u00e4ketieteen Akatemiassa ja Helsingin Neijing-koulussa. Olen koulutukseltani my\u00f6s jalkaterapeutti (AMK).\" \/>\n<meta name=\"robots\" content=\"index, follow, max-snippet:-1, max-image-preview:large, max-video-preview:-1\" \/>\n<link rel=\"canonical\" href=\"https:\/\/akupunktiopuu.fi\/index.php\/mina\/\" \/>\n<meta property=\"og:locale\" content=\"fi_FI\" \/>\n<meta property=\"og:type\" content=\"article\" \/>\n<meta property=\"og:title\" content=\"Min\u00e4 - Akupunktio Puu\" \/>\n<meta property=\"og:description\" content=\"Olen opiskellut kiinalaista l\u00e4\u00e4ketiedett\u00e4 Kiinalaisen L\u00e4\u00e4ketieteen Akatemiassa ja Helsingin Neijing-koulussa. Olen koulutukseltani my\u00f6s jalkaterapeutti (AMK).\" \/>\n<meta property=\"og:url\" content=\"https:\/\/akupunktiopuu.fi\/index.php\/mina\/\" \/>\n<meta property=\"og:site_name\" content=\"Akupunktio Puu\" \/>\n<meta property=\"article:publisher\" content=\"https:\/\/www.facebook.com\/akupunktiopuu\" \/>\n<meta property=\"article:modified_time\" content=\"2025-05-26T06:37:53+00:00\" \/>\n<meta property=\"og:image\" content=\"https:\/\/akupunktiopuu.fi\/wp-content\/uploads\/2023\/03\/Nimeton-suunn.malli1_.jpg\" \/>\n\t<meta property=\"og:image:width\" content=\"1080\" \/>\n\t<meta property=\"og:image:height\" content=\"1080\" \/>\n\t<meta property=\"og:image:type\" content=\"image\/jpeg\" \/>\n<meta name=\"twitter:card\" content=\"summary_large_image\" \/>\n<meta name=\"twitter:label1\" content=\"Arvioitu lukuaika\" \/>\n\t<meta name=\"twitter:data1\" content=\"5 minuuttia\" \/>\n<script type=\"application\/ld+json\" class=\"yoast-schema-graph\">{\"@context\":\"https:\/\/schema.org\",\"@graph\":[{\"@type\":\"WebPage\",\"@id\":\"https:\/\/akupunktiopuu.fi\/index.php\/mina\/\",\"url\":\"https:\/\/akupunktiopuu.fi\/index.php\/mina\/\",\"name\":\"Min\u00e4 - Akupunktio Puu\",\"isPartOf\":{\"@id\":\"https:\/\/akupunktiopuu.fi\/#website\"},\"primaryImageOfPage\":{\"@id\":\"https:\/\/akupunktiopuu.fi\/index.php\/mina\/#primaryimage\"},\"image\":{\"@id\":\"https:\/\/akupunktiopuu.fi\/index.php\/mina\/#primaryimage\"},\"thumbnailUrl\":\"https:\/\/akupunktiopuu.fi\/wp-content\/uploads\/2023\/03\/Nimeton-suunn.malli1_.jpg\",\"datePublished\":\"2023-03-11T12:58:20+00:00\",\"dateModified\":\"2025-05-26T06:37:53+00:00\",\"description\":\"Olen opiskellut kiinalaista l\u00e4\u00e4ketiedett\u00e4 Kiinalaisen L\u00e4\u00e4ketieteen Akatemiassa ja Helsingin Neijing-koulussa. Olen koulutukseltani my\u00f6s jalkaterapeutti (AMK).\",\"breadcrumb\":{\"@id\":\"https:\/\/akupunktiopuu.fi\/index.php\/mina\/#breadcrumb\"},\"inLanguage\":\"fi\",\"potentialAction\":[{\"@type\":\"ReadAction\",\"target\":[\"https:\/\/akupunktiopuu.fi\/index.php\/mina\/\"]}]},{\"@type\":\"ImageObject\",\"inLanguage\":\"fi\",\"@id\":\"https:\/\/akupunktiopuu.fi\/index.php\/mina\/#primaryimage\",\"url\":\"https:\/\/akupunktiopuu.fi\/wp-content\/uploads\/2023\/03\/Nimeton-suunn.malli1_.jpg\",\"contentUrl\":\"https:\/\/akupunktiopuu.fi\/wp-content\/uploads\/2023\/03\/Nimeton-suunn.malli1_.jpg\",\"width\":1080,\"height\":1080},{\"@type\":\"BreadcrumbList\",\"@id\":\"https:\/\/akupunktiopuu.fi\/index.php\/mina\/#breadcrumb\",\"itemListElement\":[{\"@type\":\"ListItem\",\"position\":1,\"name\":\"Etusivu\",\"item\":\"https:\/\/akupunktiopuu.fi\/\"},{\"@type\":\"ListItem\",\"position\":2,\"name\":\"Min\u00e4\"}]},{\"@type\":\"WebSite\",\"@id\":\"https:\/\/akupunktiopuu.fi\/#website\",\"url\":\"https:\/\/akupunktiopuu.fi\/\",\"name\":\"Akupunktio Puu\",\"description\":\"Kiinalainen l&auml;&auml;ketiede - akupunktio ja kuivakuppaus \",\"publisher\":{\"@id\":\"https:\/\/akupunktiopuu.fi\/#organization\"},\"potentialAction\":[{\"@type\":\"SearchAction\",\"target\":{\"@type\":\"EntryPoint\",\"urlTemplate\":\"https:\/\/akupunktiopuu.fi\/?s={search_term_string}\"},\"query-input\":{\"@type\":\"PropertyValueSpecification\",\"valueRequired\":true,\"valueName\":\"search_term_string\"}}],\"inLanguage\":\"fi\"},{\"@type\":\"Organization\",\"@id\":\"https:\/\/akupunktiopuu.fi\/#organization\",\"name\":\"Akupunktio Puu\",\"url\":\"https:\/\/akupunktiopuu.fi\/\",\"logo\":{\"@type\":\"ImageObject\",\"inLanguage\":\"fi\",\"@id\":\"https:\/\/akupunktiopuu.fi\/#\/schema\/logo\/image\/\",\"url\":\"https:\/\/akupunktiopuu.fi\/wp-content\/uploads\/2023\/01\/cropped-AkupunkPuu_logo_final_green1_pikkukuva.jpg\",\"contentUrl\":\"https:\/\/akupunktiopuu.fi\/wp-content\/uploads\/2023\/01\/cropped-AkupunkPuu_logo_final_green1_pikkukuva.jpg\",\"width\":250,\"height\":250,\"caption\":\"Akupunktio Puu\"},\"image\":{\"@id\":\"https:\/\/akupunktiopuu.fi\/#\/schema\/logo\/image\/\"},\"sameAs\":[\"https:\/\/www.facebook.com\/akupunktiopuu\",\"https:\/\/www.instagram.com\/akupunktiopuu\/\"]}]}<\/script>\n<!-- \/ Yoast SEO plugin. -->","yoast_head_json":{"title":"Min\u00e4 - Akupunktio Puu","description":"Olen opiskellut kiinalaista l\u00e4\u00e4ketiedett\u00e4 Kiinalaisen L\u00e4\u00e4ketieteen Akatemiassa ja Helsingin Neijing-koulussa. Olen koulutukseltani my\u00f6s jalkaterapeutti (AMK).","robots":{"index":"index","follow":"follow","max-snippet":"max-snippet:-1","max-image-preview":"max-image-preview:large","max-video-preview":"max-video-preview:-1"},"canonical":"https:\/\/akupunktiopuu.fi\/index.php\/mina\/","og_locale":"fi_FI","og_type":"article","og_title":"Min\u00e4 - Akupunktio Puu","og_description":"Olen opiskellut kiinalaista l\u00e4\u00e4ketiedett\u00e4 Kiinalaisen L\u00e4\u00e4ketieteen Akatemiassa ja Helsingin Neijing-koulussa. Olen koulutukseltani my\u00f6s jalkaterapeutti (AMK).","og_url":"https:\/\/akupunktiopuu.fi\/index.php\/mina\/","og_site_name":"Akupunktio Puu","article_publisher":"https:\/\/www.facebook.com\/akupunktiopuu","article_modified_time":"2025-05-26T06:37:53+00:00","og_image":[{"width":1080,"height":1080,"url":"https:\/\/akupunktiopuu.fi\/wp-content\/uploads\/2023\/03\/Nimeton-suunn.malli1_.jpg","type":"image\/jpeg"}],"twitter_card":"summary_large_image","twitter_misc":{"Arvioitu lukuaika":"5 minuuttia"},"schema":{"@context":"https:\/\/schema.org","@graph":[{"@type":"WebPage","@id":"https:\/\/akupunktiopuu.fi\/index.php\/mina\/","url":"https:\/\/akupunktiopuu.fi\/index.php\/mina\/","name":"Min\u00e4 - Akupunktio Puu","isPartOf":{"@id":"https:\/\/akupunktiopuu.fi\/#website"},"primaryImageOfPage":{"@id":"https:\/\/akupunktiopuu.fi\/index.php\/mina\/#primaryimage"},"image":{"@id":"https:\/\/akupunktiopuu.fi\/index.php\/mina\/#primaryimage"},"thumbnailUrl":"https:\/\/akupunktiopuu.fi\/wp-content\/uploads\/2023\/03\/Nimeton-suunn.malli1_.jpg","datePublished":"2023-03-11T12:58:20+00:00","dateModified":"2025-05-26T06:37:53+00:00","description":"Olen opiskellut kiinalaista l\u00e4\u00e4ketiedett\u00e4 Kiinalaisen L\u00e4\u00e4ketieteen Akatemiassa ja Helsingin Neijing-koulussa. Olen koulutukseltani my\u00f6s jalkaterapeutti (AMK).","breadcrumb":{"@id":"https:\/\/akupunktiopuu.fi\/index.php\/mina\/#breadcrumb"},"inLanguage":"fi","potentialAction":[{"@type":"ReadAction","target":["https:\/\/akupunktiopuu.fi\/index.php\/mina\/"]}]},{"@type":"ImageObject","inLanguage":"fi","@id":"https:\/\/akupunktiopuu.fi\/index.php\/mina\/#primaryimage","url":"https:\/\/akupunktiopuu.fi\/wp-content\/uploads\/2023\/03\/Nimeton-suunn.malli1_.jpg","contentUrl":"https:\/\/akupunktiopuu.fi\/wp-content\/uploads\/2023\/03\/Nimeton-suunn.malli1_.jpg","width":1080,"height":1080},{"@type":"BreadcrumbList","@id":"https:\/\/akupunktiopuu.fi\/index.php\/mina\/#breadcrumb","itemListElement":[{"@type":"ListItem","position":1,"name":"Etusivu","item":"https:\/\/akupunktiopuu.fi\/"},{"@type":"ListItem","position":2,"name":"Min\u00e4"}]},{"@type":"WebSite","@id":"https:\/\/akupunktiopuu.fi\/#website","url":"https:\/\/akupunktiopuu.fi\/","name":"Akupunktio Puu","description":"Kiinalainen l&auml;&auml;ketiede - akupunktio ja kuivakuppaus ","publisher":{"@id":"https:\/\/akupunktiopuu.fi\/#organization"},"potentialAction":[{"@type":"SearchAction","target":{"@type":"EntryPoint","urlTemplate":"https:\/\/akupunktiopuu.fi\/?s={search_term_string}"},"query-input":{"@type":"PropertyValueSpecification","valueRequired":true,"valueName":"search_term_string"}}],"inLanguage":"fi"},{"@type":"Organization","@id":"https:\/\/akupunktiopuu.fi\/#organization","name":"Akupunktio Puu","url":"https:\/\/akupunktiopuu.fi\/","logo":{"@type":"ImageObject","inLanguage":"fi","@id":"https:\/\/akupunktiopuu.fi\/#\/schema\/logo\/image\/","url":"https:\/\/akupunktiopuu.fi\/wp-content\/uploads\/2023\/01\/cropped-AkupunkPuu_logo_final_green1_pikkukuva.jpg","contentUrl":"https:\/\/akupunktiopuu.fi\/wp-content\/uploads\/2023\/01\/cropped-AkupunkPuu_logo_final_green1_pikkukuva.jpg","width":250,"height":250,"caption":"Akupunktio Puu"},"image":{"@id":"https:\/\/akupunktiopuu.fi\/#\/schema\/logo\/image\/"},"sameAs":["https:\/\/www.facebook.com\/akupunktiopuu","https:\/\/www.instagram.com\/akupunktiopuu\/"]}]}},"_links":{"self":[{"href":"https:\/\/akupunktiopuu.fi\/index.php\/wp-json\/wp\/v2\/pages\/52"}],"collection":[{"href":"https:\/\/akupunktiopuu.fi\/index.php\/wp-json\/wp\/v2\/pages"}],"about":[{"href":"https:\/\/akupunktiopuu.fi\/index.php\/wp-json\/wp\/v2\/types\/page"}],"author":[{"embeddable":true,"href":"https:\/\/akupunktiopuu.fi\/index.php\/wp-json\/wp\/v2\/users\/1"}],"replies":[{"embeddable":true,"href":"https:\/\/akupunktiopuu.fi\/index.php\/wp-json\/wp\/v2\/comments?post=52"}],"version-history":[{"count":34,"href":"https:\/\/akupunktiopuu.fi\/index.php\/wp-json\/wp\/v2\/pages\/52\/revisions"}],"predecessor-version":[{"id":824,"href":"https:\/\/akupunktiopuu.fi\/index.php\/wp-json\/wp\/v2\/pages\/52\/revisions\/824"}],"wp:featuredmedia":[{"embeddable":true,"href":"https:\/\/akupunktiopuu.fi\/index.php\/wp-json\/wp\/v2\/media\/54"}],"wp:attachment":[{"href":"https:\/\/akupunktiopuu.fi\/index.php\/wp-json\/wp\/v2\/media?parent=52"}],"curies":[{"name":"wp","href":"https:\/\/api.w.org\/{rel}","templated":true}]}}