{"id":746,"date":"2025-05-03T15:58:57","date_gmt":"2025-05-03T15:58:57","guid":{"rendered":"https:\/\/akupunktiopuu.fi\/?page_id=746"},"modified":"2025-05-19T06:23:53","modified_gmt":"2025-05-19T06:23:53","slug":"toukokuun-15-tutustumisetu","status":"publish","type":"page","link":"https:\/\/akupunktiopuu.fi\/index.php\/toukokuun-15-tutustumisetu\/","title":{"rendered":"Toukokuun tutustumisetu"},"content":{"rendered":"<div class=\"wp-block-image is-style-rounded\">\n<figure class=\"alignleft size-large is-resized\"><img loading=\"lazy\" decoding=\"async\" width=\"683\" height=\"1024\" src=\"https:\/\/akupunktiopuu.fi\/wp-content\/uploads\/2024\/09\/painokelpoinen-7331-683x1024.jpg\" alt=\"\" class=\"wp-image-595\" style=\"width:133px;height:auto\" srcset=\"https:\/\/akupunktiopuu.fi\/wp-content\/uploads\/2024\/09\/painokelpoinen-7331-683x1024.jpg 683w, https:\/\/akupunktiopuu.fi\/wp-content\/uploads\/2024\/09\/painokelpoinen-7331-200x300.jpg 200w, https:\/\/akupunktiopuu.fi\/wp-content\/uploads\/2024\/09\/painokelpoinen-7331-768x1152.jpg 768w, https:\/\/akupunktiopuu.fi\/wp-content\/uploads\/2024\/09\/painokelpoinen-7331-scaled.jpg 1707w\" sizes=\"(max-width: 683px) 100vw, 683px\" \/><\/figure><\/div>\n\n\n<p><strong>Koko toukokuun ajan saat tutustumisetuna 15 % alennuksen ensik\u00e4ynnist\u00e4<\/strong> <strong>seuraavissa hoidoissa:<\/strong><br>\ud83d\udc9a <a href=\"https:\/\/akupunktiopuu.fi\/index.php\/kosmeettinen-gua-sha-yin-your-skin\/\">Kosmeettinen gua sha Yin Your Skin\u00ae Pro<\/a> (norm. 120e, nyt 102e)<br>\ud83d\udc9a <a href=\"https:\/\/akupunktiopuu.fi\/index.php\/kosmeettinen-akupunktio\/\">Kosmeettinen akupunktio<\/a> (norm. 99e, nyt 84,15e)<br>\ud83d\udc9a <a href=\"https:\/\/akupunktiopuu.fi\/index.php\/akupunktio\/\">Akupunktio<\/a> (norm. 88e, nyt 74,80e)<\/p>\n\n\n\n<div class=\"wp-block-buttons is-layout-flex wp-block-buttons-is-layout-flex\">\n<div class=\"wp-block-button\"><a class=\"wp-block-button__link wp-element-button\" href=\"https:\/\/varaa.timma.fi\/akupunktiopuu\">Ajanvaraus<\/a><\/div>\n\n\n\n<div class=\"wp-block-button\"><a class=\"wp-block-button__link wp-element-button\" href=\"https:\/\/holvi.com\/shop\/DDrWZ1\/\">Lahjakortit<\/a><\/div>\n<\/div>\n\n\n\n<p><\/p>\n\n\n\n<p>Tarjous on voimassa, kun varaat hoidon tai ostat lahjakortin 31.5. menness\u00e4. <strong>Voit varata ajan my\u00f6s kes\u00e4lle tai syksylle \u2013 kunhan varaus tehd\u00e4\u00e4n toukokuun aikana.<\/strong><\/p>\n\n\n\n<p>\ud83d\udcdd K\u00e4yt\u00e4 varauksessa koodia: <strong>TOUKOKUU25<\/strong> <\/p>\n\n\n\n<p>\ud83d\udcdd Varatessasi aikaa Timmasta, kirjoita koodi lis\u00e4tietoja-kohtaan, niin huomioin alennuksen hoitoa maksettaessa. Lahjakortin oston yhteydess\u00e4 hinta muuttuu automaattisesti, kun sy\u00f6t\u00e4t koodin alennuskoodikentt\u00e4\u00e4n.<\/p>\n\n\n\n<p>Tutustumisetu koskee uusia asiakkaita sek\u00e4 asiakkaita, joiden edellisest\u00e4 vastaavasta hoidosta on yli 12 kuukautta. Ei koske sarjakortteja tai muita hoitoja.<\/p>\n\n\n\n<p>\ud83d\udc9a <strong><a href=\"https:\/\/akupunktiopuu.fi\/index.php\/akupunktio\/\">Akupunktiota<\/a><\/strong> k\u00e4ytet\u00e4\u00e4n mm. <a href=\"https:\/\/akupunktiopuu.fi\/index.php\/2023\/10\/13\/haluaisitko-nukkua-paremmin\/\">uniongelmien<\/a>, masennuksen, aloitekyvytt\u00f6myyden, uupumuksen, stressin, pelkojen, ahdistusten, erilaisten j\u00e4nnitys- ja kiputilojen, neurologisten ongelmien, <a href=\"https:\/\/akupunktiopuu.fi\/index.php\/2023\/03\/11\/akupunktio-suolistovaivojen-hoidossa\/\">ruuansulatusvaivojen<\/a>, turvotusten, allergioiden, astman, kuukautisvaivojen ja vaihdevuosioireiden hoitoon sek\u00e4 vahvistamaan kehon luontaista vastustuskyky\u00e4 ja elinvoimaa.<\/p>\n\n\n\n<p>Klikkaamalla <a href=\"https:\/\/akupunktiopuu.fi\/index.php\/akupunktio\/\">t\u00e4st\u00e4 <\/a>l\u00f6yd\u00e4t lis\u00e4\u00e4 tietoa akupunktiosta.<\/p>\n\n\n<div class=\"wp-block-image\">\n<figure class=\"alignleft size-full is-resized\"><img loading=\"lazy\" decoding=\"async\" width=\"1440\" height=\"1440\" src=\"https:\/\/akupunktiopuu.fi\/wp-content\/uploads\/2024\/08\/WhatsApp-Image-2024-04-24-at-17.38.00.jpg\" alt=\"\" class=\"wp-image-527\" style=\"width:173px;height:auto\" srcset=\"https:\/\/akupunktiopuu.fi\/wp-content\/uploads\/2024\/08\/WhatsApp-Image-2024-04-24-at-17.38.00.jpg 1440w, https:\/\/akupunktiopuu.fi\/wp-content\/uploads\/2024\/08\/WhatsApp-Image-2024-04-24-at-17.38.00-300x300.jpg 300w, https:\/\/akupunktiopuu.fi\/wp-content\/uploads\/2024\/08\/WhatsApp-Image-2024-04-24-at-17.38.00-1024x1024.jpg 1024w, https:\/\/akupunktiopuu.fi\/wp-content\/uploads\/2024\/08\/WhatsApp-Image-2024-04-24-at-17.38.00-150x150.jpg 150w, https:\/\/akupunktiopuu.fi\/wp-content\/uploads\/2024\/08\/WhatsApp-Image-2024-04-24-at-17.38.00-768x768.jpg 768w, https:\/\/akupunktiopuu.fi\/wp-content\/uploads\/2024\/08\/WhatsApp-Image-2024-04-24-at-17.38.00-100x100.jpg 100w\" sizes=\"(max-width: 767px) 89vw, (max-width: 1000px) 54vw, (max-width: 1071px) 543px, 580px\" \/><figcaption class=\"wp-element-caption\">Toisessa kuvassa asiakas viiden hoitokerran j\u00e4lkeen.<\/figcaption><\/figure><\/div>\n\n\n<p>\ud83d\udc9a <a href=\"https:\/\/akupunktiopuu.fi\/index.php\/kosmeettinen-gua-sha-yin-your-skin\/\"><strong>Kosmeettinen gua sha Yin Your Skin\u00ae Pro<\/strong> <\/a>on aivan ihana, syv\u00e4rentouttava ja nautinnollinen hoito, joka saa kasvot hehkumaan ja tuo piirteet paremmin esille poistamalla turvotuksia, vapauttamalla lihasj\u00e4nnityksi\u00e4, silottamalla ryppyj\u00e4 ja kiinteytt\u00e4m\u00e4ll\u00e4 ihoa. Lopputuloksena on usein kuulaat, elinvoimaiset ja hyvinvoivat kasvot \u2013 ja t\u00e4ysin luonnollisesti.<\/p>\n\n\n\n<p>Klikkaamalla <a href=\"https:\/\/akupunktiopuu.fi\/index.php\/kosmeettinen-gua-sha-yin-your-skin\/\">t\u00e4st\u00e4<\/a> l\u00f6yd\u00e4t lis\u00e4\u00e4 tietoa kosmeettisesta gua sha &#8211; hoidosta.<\/p>\n\n\n\n<p>\ud83d\udc9a <strong><a href=\"https:\/\/akupunktiopuu.fi\/index.php\/kosmeettinen-akupunktio\/\">Kosmeettinen akupunktio<\/a><\/strong> voi tuoda iholle kuulautta, kimmoisuutta ja elinvoimaa. Se voi auttaa h\u00e4ivytt\u00e4m\u00e4\u00e4n juonteita ja ihon ep\u00e4tasaisuuksia, hoitaa monenlaisia kasvojen alueen ongelmia, kuten aknea sek\u00e4 edist\u00e4\u00e4 kasvojen kokonaisvaltaista hyvinvointia.<\/p>\n\n\n\n<p>Koska todellinen kasvojen hyvinvointi l\u00e4htee aina kehosta sis\u00e4lt\u00e4p\u00e4in, en koskaan hoida pelk\u00e4st\u00e4\u00e4n kasvoja. Otan hoidossani aina huomioon my\u00f6s asiakkaan kokonaisvaltaisen, fyysisen, emotionaalisen ja henkisen hyvinvoinnin.<\/p>\n\n\n\n<p>Klikkaamalla <a href=\"https:\/\/akupunktiopuu.fi\/index.php\/kosmeettinen-akupunktio\/\">t\u00e4st\u00e4<\/a> l\u00f6yd\u00e4t lis\u00e4\u00e4 tietoa kosmeettisesta akupunktiosta ja sen vaikutuksista.<\/p>\n","protected":false},"excerpt":{"rendered":"<p>Koko toukokuun ajan saat tutustumisetuna 15 % alennuksen ensik\u00e4ynnist\u00e4 seuraavissa hoidoissa:\ud83d\udc9a Kosmeettinen gua sha Yin Your Skin\u00ae Pro (norm. 120e, nyt 102e)\ud83d\udc9a Kosmeettinen akupunktio (norm. 99e, nyt 84,15e)\ud83d\udc9a Akupunktio (norm. 88e, nyt 74,80e) Tarjous on voimassa, kun varaat hoidon tai ostat lahjakortin 31.5. menness\u00e4. Voit varata ajan my\u00f6s kes\u00e4lle tai syksylle \u2013 kunhan varaus tehd\u00e4\u00e4n &hellip; <\/p>\n<p class=\"link-more\"><a href=\"https:\/\/akupunktiopuu.fi\/index.php\/toukokuun-15-tutustumisetu\/\" class=\"more-link\">Jatka lukemista<span class=\"screen-reader-text\"> &#8221;Toukokuun tutustumisetu&#8221;<\/span><\/a><\/p>\n","protected":false},"author":1,"featured_media":567,"parent":0,"menu_order":0,"comment_status":"closed","ping_status":"closed","template":"","meta":{"footnotes":""},"yoast_head":"<!-- This site is optimized with the Yoast SEO plugin v24.5 - https:\/\/yoast.com\/wordpress\/plugins\/seo\/ -->\n<title>Toukokuun tutustumisetu - Akupunktio Puu<\/title>\n<meta name=\"description\" content=\"Saat nyt -15 % tutustumisedun seuraavista hoidoista: \ud83d\udc9a Kosmeettinen Gua Sha Yin Your Skin\u00ae Pro \ud83d\udc9a Kosmeettinen akupunktio \ud83d\udc9a Akupunktio\" \/>\n<meta name=\"robots\" content=\"index, follow, max-snippet:-1, max-image-preview:large, max-video-preview:-1\" \/>\n<link rel=\"canonical\" href=\"https:\/\/akupunktiopuu.fi\/index.php\/toukokuun-15-tutustumisetu\/\" \/>\n<meta property=\"og:locale\" content=\"fi_FI\" \/>\n<meta property=\"og:type\" content=\"article\" \/>\n<meta property=\"og:title\" content=\"Toukokuun tutustumisetu -15%\" \/>\n<meta property=\"og:description\" content=\"Saat nyt -15 % tutustumisedun seuraavista hoidoista: \ud83d\udc9a Akupunktio \ud83d\udc9a Kosmeettinen Gua Sha Yin Your Skin\u00ae Pro \ud83d\udc9a Kosmeettinen akupunktio\" \/>\n<meta property=\"og:url\" content=\"https:\/\/akupunktiopuu.fi\/index.php\/toukokuun-15-tutustumisetu\/\" \/>\n<meta property=\"og:site_name\" content=\"Akupunktio Puu\" \/>\n<meta property=\"article:publisher\" content=\"https:\/\/www.facebook.com\/akupunktiopuu\" \/>\n<meta property=\"article:modified_time\" content=\"2025-05-19T06:23:53+00:00\" \/>\n<meta property=\"og:image\" content=\"https:\/\/akupunktiopuu.fi\/wp-content\/uploads\/2024\/09\/nettikoko-7405.jpg\" \/>\n\t<meta property=\"og:image:width\" content=\"1500\" \/>\n\t<meta property=\"og:image:height\" content=\"1000\" \/>\n\t<meta property=\"og:image:type\" content=\"image\/jpeg\" \/>\n<meta name=\"twitter:card\" content=\"summary_large_image\" \/>\n<meta name=\"twitter:label1\" content=\"Arvioitu lukuaika\" \/>\n\t<meta name=\"twitter:data1\" content=\"3 minuuttia\" \/>\n<script type=\"application\/ld+json\" class=\"yoast-schema-graph\">{\"@context\":\"https:\/\/schema.org\",\"@graph\":[{\"@type\":\"AdvertiserContentArticle\",\"@id\":\"https:\/\/akupunktiopuu.fi\/index.php\/toukokuun-15-tutustumisetu\/#article\",\"isPartOf\":{\"@id\":\"https:\/\/akupunktiopuu.fi\/index.php\/toukokuun-15-tutustumisetu\/\"},\"author\":{\"name\":\"admin\",\"@id\":\"https:\/\/akupunktiopuu.fi\/#\/schema\/person\/eb1395ff16529ad12113c966023239e4\"},\"headline\":\"Toukokuun tutustumisetu\",\"datePublished\":\"2025-05-03T15:58:57+00:00\",\"dateModified\":\"2025-05-19T06:23:53+00:00\",\"mainEntityOfPage\":{\"@id\":\"https:\/\/akupunktiopuu.fi\/index.php\/toukokuun-15-tutustumisetu\/\"},\"wordCount\":300,\"publisher\":{\"@id\":\"https:\/\/akupunktiopuu.fi\/#organization\"},\"image\":{\"@id\":\"https:\/\/akupunktiopuu.fi\/index.php\/toukokuun-15-tutustumisetu\/#primaryimage\"},\"thumbnailUrl\":\"https:\/\/akupunktiopuu.fi\/wp-content\/uploads\/2024\/09\/nettikoko-7405.jpg\",\"inLanguage\":\"fi\"},{\"@type\":\"WebPage\",\"@id\":\"https:\/\/akupunktiopuu.fi\/index.php\/toukokuun-15-tutustumisetu\/\",\"url\":\"https:\/\/akupunktiopuu.fi\/index.php\/toukokuun-15-tutustumisetu\/\",\"name\":\"Toukokuun tutustumisetu - Akupunktio Puu\",\"isPartOf\":{\"@id\":\"https:\/\/akupunktiopuu.fi\/#website\"},\"primaryImageOfPage\":{\"@id\":\"https:\/\/akupunktiopuu.fi\/index.php\/toukokuun-15-tutustumisetu\/#primaryimage\"},\"image\":{\"@id\":\"https:\/\/akupunktiopuu.fi\/index.php\/toukokuun-15-tutustumisetu\/#primaryimage\"},\"thumbnailUrl\":\"https:\/\/akupunktiopuu.fi\/wp-content\/uploads\/2024\/09\/nettikoko-7405.jpg\",\"datePublished\":\"2025-05-03T15:58:57+00:00\",\"dateModified\":\"2025-05-19T06:23:53+00:00\",\"description\":\"Saat nyt -15 % tutustumisedun seuraavista hoidoista: \ud83d\udc9a Kosmeettinen Gua Sha Yin Your Skin\u00ae Pro \ud83d\udc9a Kosmeettinen akupunktio \ud83d\udc9a Akupunktio\",\"breadcrumb\":{\"@id\":\"https:\/\/akupunktiopuu.fi\/index.php\/toukokuun-15-tutustumisetu\/#breadcrumb\"},\"inLanguage\":\"fi\",\"potentialAction\":[{\"@type\":\"ReadAction\",\"target\":[\"https:\/\/akupunktiopuu.fi\/index.php\/toukokuun-15-tutustumisetu\/\"]}]},{\"@type\":\"ImageObject\",\"inLanguage\":\"fi\",\"@id\":\"https:\/\/akupunktiopuu.fi\/index.php\/toukokuun-15-tutustumisetu\/#primaryimage\",\"url\":\"https:\/\/akupunktiopuu.fi\/wp-content\/uploads\/2024\/09\/nettikoko-7405.jpg\",\"contentUrl\":\"https:\/\/akupunktiopuu.fi\/wp-content\/uploads\/2024\/09\/nettikoko-7405.jpg\",\"width\":1500,\"height\":1000},{\"@type\":\"BreadcrumbList\",\"@id\":\"https:\/\/akupunktiopuu.fi\/index.php\/toukokuun-15-tutustumisetu\/#breadcrumb\",\"itemListElement\":[{\"@type\":\"ListItem\",\"position\":1,\"name\":\"Etusivu\",\"item\":\"https:\/\/akupunktiopuu.fi\/\"},{\"@type\":\"ListItem\",\"position\":2,\"name\":\"Toukokuun tutustumisetu\"}]},{\"@type\":\"WebSite\",\"@id\":\"https:\/\/akupunktiopuu.fi\/#website\",\"url\":\"https:\/\/akupunktiopuu.fi\/\",\"name\":\"Akupunktio Puu\",\"description\":\"Kiinalainen l&auml;&auml;ketiede - akupunktio ja kuivakuppaus \",\"publisher\":{\"@id\":\"https:\/\/akupunktiopuu.fi\/#organization\"},\"potentialAction\":[{\"@type\":\"SearchAction\",\"target\":{\"@type\":\"EntryPoint\",\"urlTemplate\":\"https:\/\/akupunktiopuu.fi\/?s={search_term_string}\"},\"query-input\":{\"@type\":\"PropertyValueSpecification\",\"valueRequired\":true,\"valueName\":\"search_term_string\"}}],\"inLanguage\":\"fi\"},{\"@type\":\"Organization\",\"@id\":\"https:\/\/akupunktiopuu.fi\/#organization\",\"name\":\"Akupunktio Puu\",\"url\":\"https:\/\/akupunktiopuu.fi\/\",\"logo\":{\"@type\":\"ImageObject\",\"inLanguage\":\"fi\",\"@id\":\"https:\/\/akupunktiopuu.fi\/#\/schema\/logo\/image\/\",\"url\":\"https:\/\/akupunktiopuu.fi\/wp-content\/uploads\/2023\/01\/cropped-AkupunkPuu_logo_final_green1_pikkukuva.jpg\",\"contentUrl\":\"https:\/\/akupunktiopuu.fi\/wp-content\/uploads\/2023\/01\/cropped-AkupunkPuu_logo_final_green1_pikkukuva.jpg\",\"width\":250,\"height\":250,\"caption\":\"Akupunktio Puu\"},\"image\":{\"@id\":\"https:\/\/akupunktiopuu.fi\/#\/schema\/logo\/image\/\"},\"sameAs\":[\"https:\/\/www.facebook.com\/akupunktiopuu\",\"https:\/\/www.instagram.com\/akupunktiopuu\/\"]},{\"@type\":\"Person\",\"@id\":\"https:\/\/akupunktiopuu.fi\/#\/schema\/person\/eb1395ff16529ad12113c966023239e4\",\"name\":\"admin\",\"image\":{\"@type\":\"ImageObject\",\"inLanguage\":\"fi\",\"@id\":\"https:\/\/akupunktiopuu.fi\/#\/schema\/person\/image\/\",\"url\":\"https:\/\/secure.gravatar.com\/avatar\/79161361282bd23378fb47010fadd778?s=96&d=mm&r=g\",\"contentUrl\":\"https:\/\/secure.gravatar.com\/avatar\/79161361282bd23378fb47010fadd778?s=96&d=mm&r=g\",\"caption\":\"admin\"},\"sameAs\":[\"https:\/\/akupunktiopuu.fi\"],\"url\":\"https:\/\/akupunktiopuu.fi\/index.php\/author\/admin\/\"}]}<\/script>\n<!-- \/ Yoast SEO plugin. -->","yoast_head_json":{"title":"Toukokuun tutustumisetu - Akupunktio Puu","description":"Saat nyt -15 % tutustumisedun seuraavista hoidoista: \ud83d\udc9a Kosmeettinen Gua Sha Yin Your Skin\u00ae Pro \ud83d\udc9a Kosmeettinen akupunktio \ud83d\udc9a Akupunktio","robots":{"index":"index","follow":"follow","max-snippet":"max-snippet:-1","max-image-preview":"max-image-preview:large","max-video-preview":"max-video-preview:-1"},"canonical":"https:\/\/akupunktiopuu.fi\/index.php\/toukokuun-15-tutustumisetu\/","og_locale":"fi_FI","og_type":"article","og_title":"Toukokuun tutustumisetu -15%","og_description":"Saat nyt -15 % tutustumisedun seuraavista hoidoista: \ud83d\udc9a Akupunktio \ud83d\udc9a Kosmeettinen Gua Sha Yin Your Skin\u00ae Pro \ud83d\udc9a Kosmeettinen akupunktio","og_url":"https:\/\/akupunktiopuu.fi\/index.php\/toukokuun-15-tutustumisetu\/","og_site_name":"Akupunktio Puu","article_publisher":"https:\/\/www.facebook.com\/akupunktiopuu","article_modified_time":"2025-05-19T06:23:53+00:00","og_image":[{"width":1500,"height":1000,"url":"https:\/\/akupunktiopuu.fi\/wp-content\/uploads\/2024\/09\/nettikoko-7405.jpg","type":"image\/jpeg"}],"twitter_card":"summary_large_image","twitter_misc":{"Arvioitu lukuaika":"3 minuuttia"},"schema":{"@context":"https:\/\/schema.org","@graph":[{"@type":"AdvertiserContentArticle","@id":"https:\/\/akupunktiopuu.fi\/index.php\/toukokuun-15-tutustumisetu\/#article","isPartOf":{"@id":"https:\/\/akupunktiopuu.fi\/index.php\/toukokuun-15-tutustumisetu\/"},"author":{"name":"admin","@id":"https:\/\/akupunktiopuu.fi\/#\/schema\/person\/eb1395ff16529ad12113c966023239e4"},"headline":"Toukokuun tutustumisetu","datePublished":"2025-05-03T15:58:57+00:00","dateModified":"2025-05-19T06:23:53+00:00","mainEntityOfPage":{"@id":"https:\/\/akupunktiopuu.fi\/index.php\/toukokuun-15-tutustumisetu\/"},"wordCount":300,"publisher":{"@id":"https:\/\/akupunktiopuu.fi\/#organization"},"image":{"@id":"https:\/\/akupunktiopuu.fi\/index.php\/toukokuun-15-tutustumisetu\/#primaryimage"},"thumbnailUrl":"https:\/\/akupunktiopuu.fi\/wp-content\/uploads\/2024\/09\/nettikoko-7405.jpg","inLanguage":"fi"},{"@type":"WebPage","@id":"https:\/\/akupunktiopuu.fi\/index.php\/toukokuun-15-tutustumisetu\/","url":"https:\/\/akupunktiopuu.fi\/index.php\/toukokuun-15-tutustumisetu\/","name":"Toukokuun tutustumisetu - Akupunktio Puu","isPartOf":{"@id":"https:\/\/akupunktiopuu.fi\/#website"},"primaryImageOfPage":{"@id":"https:\/\/akupunktiopuu.fi\/index.php\/toukokuun-15-tutustumisetu\/#primaryimage"},"image":{"@id":"https:\/\/akupunktiopuu.fi\/index.php\/toukokuun-15-tutustumisetu\/#primaryimage"},"thumbnailUrl":"https:\/\/akupunktiopuu.fi\/wp-content\/uploads\/2024\/09\/nettikoko-7405.jpg","datePublished":"2025-05-03T15:58:57+00:00","dateModified":"2025-05-19T06:23:53+00:00","description":"Saat nyt -15 % tutustumisedun seuraavista hoidoista: \ud83d\udc9a Kosmeettinen Gua Sha Yin Your Skin\u00ae Pro \ud83d\udc9a Kosmeettinen akupunktio \ud83d\udc9a Akupunktio","breadcrumb":{"@id":"https:\/\/akupunktiopuu.fi\/index.php\/toukokuun-15-tutustumisetu\/#breadcrumb"},"inLanguage":"fi","potentialAction":[{"@type":"ReadAction","target":["https:\/\/akupunktiopuu.fi\/index.php\/toukokuun-15-tutustumisetu\/"]}]},{"@type":"ImageObject","inLanguage":"fi","@id":"https:\/\/akupunktiopuu.fi\/index.php\/toukokuun-15-tutustumisetu\/#primaryimage","url":"https:\/\/akupunktiopuu.fi\/wp-content\/uploads\/2024\/09\/nettikoko-7405.jpg","contentUrl":"https:\/\/akupunktiopuu.fi\/wp-content\/uploads\/2024\/09\/nettikoko-7405.jpg","width":1500,"height":1000},{"@type":"BreadcrumbList","@id":"https:\/\/akupunktiopuu.fi\/index.php\/toukokuun-15-tutustumisetu\/#breadcrumb","itemListElement":[{"@type":"ListItem","position":1,"name":"Etusivu","item":"https:\/\/akupunktiopuu.fi\/"},{"@type":"ListItem","position":2,"name":"Toukokuun tutustumisetu"}]},{"@type":"WebSite","@id":"https:\/\/akupunktiopuu.fi\/#website","url":"https:\/\/akupunktiopuu.fi\/","name":"Akupunktio Puu","description":"Kiinalainen l&auml;&auml;ketiede - akupunktio ja kuivakuppaus ","publisher":{"@id":"https:\/\/akupunktiopuu.fi\/#organization"},"potentialAction":[{"@type":"SearchAction","target":{"@type":"EntryPoint","urlTemplate":"https:\/\/akupunktiopuu.fi\/?s={search_term_string}"},"query-input":{"@type":"PropertyValueSpecification","valueRequired":true,"valueName":"search_term_string"}}],"inLanguage":"fi"},{"@type":"Organization","@id":"https:\/\/akupunktiopuu.fi\/#organization","name":"Akupunktio Puu","url":"https:\/\/akupunktiopuu.fi\/","logo":{"@type":"ImageObject","inLanguage":"fi","@id":"https:\/\/akupunktiopuu.fi\/#\/schema\/logo\/image\/","url":"https:\/\/akupunktiopuu.fi\/wp-content\/uploads\/2023\/01\/cropped-AkupunkPuu_logo_final_green1_pikkukuva.jpg","contentUrl":"https:\/\/akupunktiopuu.fi\/wp-content\/uploads\/2023\/01\/cropped-AkupunkPuu_logo_final_green1_pikkukuva.jpg","width":250,"height":250,"caption":"Akupunktio Puu"},"image":{"@id":"https:\/\/akupunktiopuu.fi\/#\/schema\/logo\/image\/"},"sameAs":["https:\/\/www.facebook.com\/akupunktiopuu","https:\/\/www.instagram.com\/akupunktiopuu\/"]},{"@type":"Person","@id":"https:\/\/akupunktiopuu.fi\/#\/schema\/person\/eb1395ff16529ad12113c966023239e4","name":"admin","image":{"@type":"ImageObject","inLanguage":"fi","@id":"https:\/\/akupunktiopuu.fi\/#\/schema\/person\/image\/","url":"https:\/\/secure.gravatar.com\/avatar\/79161361282bd23378fb47010fadd778?s=96&d=mm&r=g","contentUrl":"https:\/\/secure.gravatar.com\/avatar\/79161361282bd23378fb47010fadd778?s=96&d=mm&r=g","caption":"admin"},"sameAs":["https:\/\/akupunktiopuu.fi"],"url":"https:\/\/akupunktiopuu.fi\/index.php\/author\/admin\/"}]}},"_links":{"self":[{"href":"https:\/\/akupunktiopuu.fi\/index.php\/wp-json\/wp\/v2\/pages\/746"}],"collection":[{"href":"https:\/\/akupunktiopuu.fi\/index.php\/wp-json\/wp\/v2\/pages"}],"about":[{"href":"https:\/\/akupunktiopuu.fi\/index.php\/wp-json\/wp\/v2\/types\/page"}],"author":[{"embeddable":true,"href":"https:\/\/akupunktiopuu.fi\/index.php\/wp-json\/wp\/v2\/users\/1"}],"replies":[{"embeddable":true,"href":"https:\/\/akupunktiopuu.fi\/index.php\/wp-json\/wp\/v2\/comments?post=746"}],"version-history":[{"count":31,"href":"https:\/\/akupunktiopuu.fi\/index.php\/wp-json\/wp\/v2\/pages\/746\/revisions"}],"predecessor-version":[{"id":819,"href":"https:\/\/akupunktiopuu.fi\/index.php\/wp-json\/wp\/v2\/pages\/746\/revisions\/819"}],"wp:featuredmedia":[{"embeddable":true,"href":"https:\/\/akupunktiopuu.fi\/index.php\/wp-json\/wp\/v2\/media\/567"}],"wp:attachment":[{"href":"https:\/\/akupunktiopuu.fi\/index.php\/wp-json\/wp\/v2\/media?parent=746"}],"curies":[{"name":"wp","href":"https:\/\/api.w.org\/{rel}","templated":true}]}}